{"id":782,"date":"2021-02-28T10:53:32","date_gmt":"2021-02-28T13:53:32","guid":{"rendered":"https:\/\/batuirajacarei.com.br\/?page_id=782"},"modified":"2025-08-25T17:14:13","modified_gmt":"2025-08-25T20:14:13","slug":"atendimento-fraterno","status":"publish","type":"page","link":"https:\/\/batuirajacarei.com.br\/index.php\/atendimento-fraterno\/","title":{"rendered":"Atendimento Fraterno"},"content":{"rendered":"\t\t<div data-elementor-type=\"wp-page\" data-elementor-id=\"782\" class=\"elementor elementor-782\" data-elementor-post-type=\"page\">\n\t\t\t\t\t\t<section class=\"elementor-section elementor-top-section elementor-element elementor-element-71a9513 elementor-section-boxed elementor-section-height-default elementor-section-height-default\" data-id=\"71a9513\" data-element_type=\"section\" data-e-type=\"section\">\n\t\t\t\t\t\t<div class=\"elementor-container elementor-column-gap-default\">\n\t\t\t\t\t<div class=\"elementor-column elementor-col-100 elementor-top-column elementor-element elementor-element-8b290f8\" data-id=\"8b290f8\" data-element_type=\"column\" data-e-type=\"column\">\n\t\t\t<div class=\"elementor-widget-wrap elementor-element-populated\">\n\t\t\t\t\t\t<div class=\"elementor-element elementor-element-4ba7456 elementor-widget elementor-widget-text-editor\" data-id=\"4ba7456\" data-element_type=\"widget\" data-e-type=\"widget\" data-widget_type=\"text-editor.default\">\n\t\t\t\t<div class=\"elementor-widget-container\">\n\t\t\t\t\t\t\t\t\t<p><img fetchpriority=\"high\" decoding=\"async\" class=\"alignleft wp-image-3108 size-medium\" title=\"Atendimento Fraterno\" src=\"https:\/\/batuirajacarei.com.br\/wp-content\/uploads\/2025\/08\/atendimento-fraterno-300x200.png\" alt=\"\" width=\"300\" height=\"200\" srcset=\"https:\/\/batuirajacarei.com.br\/wp-content\/uploads\/2025\/08\/atendimento-fraterno-300x200.png 300w, https:\/\/batuirajacarei.com.br\/wp-content\/uploads\/2025\/08\/atendimento-fraterno-1024x683.png 1024w, https:\/\/batuirajacarei.com.br\/wp-content\/uploads\/2025\/08\/atendimento-fraterno-768x512.png 768w, https:\/\/batuirajacarei.com.br\/wp-content\/uploads\/2025\/08\/atendimento-fraterno-600x400.png 600w, https:\/\/batuirajacarei.com.br\/wp-content\/uploads\/2025\/08\/atendimento-fraterno.png 1536w\" sizes=\"(max-width: 300px) 100vw, 300px\" \/><strong>O que \u00e9 o Atendimento Fraterno?<\/strong><\/p><p>O Atendimento Fraterno \u00e9 um momento de acolhimento, di\u00e1logo e orienta\u00e7\u00e3o espiritual oferecido de forma individual, sigilosa e fraterna. Seu objetivo \u00e9 escutar com aten\u00e7\u00e3o, oferecer uma palavra amiga e esclarecer d\u00favidas \u00e0 luz da Doutrina Esp\u00edrita, sempre com respeito, empatia e amor ao pr\u00f3ximo.<\/p><p>Esse atendimento n\u00e3o substitui tratamentos m\u00e9dicos, psicol\u00f3gicos ou terap\u00eauticos, mas busca fortalecer a f\u00e9, trazer consolo e esperan\u00e7a, al\u00e9m de indicar caminhos de estudo e pr\u00e1ticas espirituais que podem auxiliar cada pessoa em sua caminhada.<\/p><p>O Atendimento Fraterno acontece \u00e0s quartas-feiras as 20h15 , sendo realizado por trabalhadores capacitados e preparados para acolher cada cora\u00e7\u00e3o que busca aux\u00edlio.<\/p><p>Para receber o atendimento, precisa agendar atrav\u00e9s do WhatsApp (12) 99194-9438.<\/p>\t\t\t\t\t\t\t\t<\/div>\n\t\t\t\t<\/div>\n\t\t\t\t\t<\/div>\n\t\t<\/div>\n\t\t\t\t\t<\/div>\n\t\t<\/section>\n\t\t\t\t<section class=\"elementor-section elementor-top-section elementor-element elementor-element-0242d9d elementor-section-boxed elementor-section-height-default elementor-section-height-default\" data-id=\"0242d9d\" data-element_type=\"section\" data-e-type=\"section\">\n\t\t\t\t\t\t<div class=\"elementor-container elementor-column-gap-default\">\n\t\t\t\t\t<div class=\"elementor-column elementor-col-100 elementor-top-column elementor-element elementor-element-24a4e74\" data-id=\"24a4e74\" data-element_type=\"column\" data-e-type=\"column\">\n\t\t\t<div class=\"elementor-widget-wrap elementor-element-populated\">\n\t\t\t\t\t\t<div class=\"elementor-element elementor-element-5f796b0 elementor-align-center elementor-widget elementor-widget-button\" data-id=\"5f796b0\" data-element_type=\"widget\" data-e-type=\"widget\" data-widget_type=\"button.default\">\n\t\t\t\t<div class=\"elementor-widget-container\">\n\t\t\t\t\t\t\t\t\t<div class=\"elementor-button-wrapper\">\n\t\t\t\t\t<a class=\"elementor-button elementor-button-link elementor-size-md\" href=\"https:\/\/api.whatsapp.com\/send?phone=5512991949438\" target=\"_blank\">\n\t\t\t\t\t\t<span class=\"elementor-button-content-wrapper\">\n\t\t\t\t\t\t\t\t\t<span class=\"elementor-button-text\">Quero receber<\/span>\n\t\t\t\t\t<\/span>\n\t\t\t\t\t<\/a>\n\t\t\t\t<\/div>\n\t\t\t\t\t\t\t\t<\/div>\n\t\t\t\t<\/div>\n\t\t\t\t\t<\/div>\n\t\t<\/div>\n\t\t\t\t\t<\/div>\n\t\t<\/section>\n\t\t\t\t<section class=\"elementor-section elementor-top-section elementor-element elementor-element-b520517 elementor-section-boxed elementor-section-height-default elementor-section-height-default\" data-id=\"b520517\" data-element_type=\"section\" data-e-type=\"section\">\n\t\t\t\t\t\t<div class=\"elementor-container elementor-column-gap-default\">\n\t\t\t\t\t<div class=\"elementor-column elementor-col-100 elementor-top-column elementor-element elementor-element-df3e149\" data-id=\"df3e149\" data-element_type=\"column\" data-e-type=\"column\">\n\t\t\t<div class=\"elementor-widget-wrap elementor-element-populated\">\n\t\t\t\t\t\t<div class=\"elementor-element elementor-element-de9e8c4 elementor-widget-divider--view-line elementor-widget elementor-widget-divider\" data-id=\"de9e8c4\" data-element_type=\"widget\" data-e-type=\"widget\" data-widget_type=\"divider.default\">\n\t\t\t\t<div class=\"elementor-widget-container\">\n\t\t\t\t\t\t\t<div class=\"elementor-divider\">\n\t\t\t<span class=\"elementor-divider-separator\">\n\t\t\t\t\t\t<\/span>\n\t\t<\/div>\n\t\t\t\t\t\t<\/div>\n\t\t\t\t<\/div>\n\t\t\t\t\t<\/div>\n\t\t<\/div>\n\t\t\t\t\t<\/div>\n\t\t<\/section>\n\t\t\t\t<section class=\"elementor-section elementor-top-section elementor-element elementor-element-411a9d4 elementor-section-boxed elementor-section-height-default elementor-section-height-default\" data-id=\"411a9d4\" data-element_type=\"section\" data-e-type=\"section\">\n\t\t\t\t\t\t<div class=\"elementor-container elementor-column-gap-default\">\n\t\t\t\t\t<div class=\"elementor-column elementor-col-100 elementor-top-column elementor-element elementor-element-36367ea\" data-id=\"36367ea\" data-element_type=\"column\" data-e-type=\"column\">\n\t\t\t<div class=\"elementor-widget-wrap elementor-element-populated\">\n\t\t\t\t\t\t<div class=\"elementor-element elementor-element-98b4df1 elementor-widget elementor-widget-heading\" data-id=\"98b4df1\" data-element_type=\"widget\" data-e-type=\"widget\" data-widget_type=\"heading.default\">\n\t\t\t\t<div class=\"elementor-widget-container\">\n\t\t\t\t\t<h2 class=\"elementor-heading-title elementor-size-medium\">SIGA NOSSAS REDES SOCIAIS:<\/h2>\t\t\t\t<\/div>\n\t\t\t\t<\/div>\n\t\t\t\t\t<\/div>\n\t\t<\/div>\n\t\t\t\t\t<\/div>\n\t\t<\/section>\n\t\t\t\t<section class=\"elementor-section elementor-top-section elementor-element elementor-element-94eb91e elementor-section-boxed elementor-section-height-default elementor-section-height-default\" data-id=\"94eb91e\" data-element_type=\"section\" data-e-type=\"section\">\n\t\t\t\t\t\t<div class=\"elementor-container elementor-column-gap-default\">\n\t\t\t\t\t<div class=\"elementor-column elementor-col-100 elementor-top-column elementor-element elementor-element-fd31b37\" data-id=\"fd31b37\" data-element_type=\"column\" data-e-type=\"column\">\n\t\t\t<div class=\"elementor-widget-wrap elementor-element-populated\">\n\t\t\t\t\t\t<div class=\"elementor-element elementor-element-66f4769 elementor-shape-rounded elementor-grid-0 e-grid-align-center elementor-widget elementor-widget-social-icons\" data-id=\"66f4769\" data-element_type=\"widget\" data-e-type=\"widget\" data-widget_type=\"social-icons.default\">\n\t\t\t\t<div class=\"elementor-widget-container\">\n\t\t\t\t\t\t\t<div class=\"elementor-social-icons-wrapper elementor-grid\" role=\"list\">\n\t\t\t\t\t\t\t<span class=\"elementor-grid-item\" role=\"listitem\">\n\t\t\t\t\t<a class=\"elementor-icon elementor-social-icon elementor-social-icon-facebook elementor-repeater-item-493dfa2\" href=\"https:\/\/facebook.com\/fraternidadeespiritacristabatuirajacarei\" target=\"_blank\">\n\t\t\t\t\t\t<span class=\"elementor-screen-only\">Facebook<\/span>\n\t\t\t\t\t\t<i aria-hidden=\"true\" class=\"fab fa-facebook\"><\/i>\t\t\t\t\t<\/a>\n\t\t\t\t<\/span>\n\t\t\t\t\t\t\t<span class=\"elementor-grid-item\" role=\"listitem\">\n\t\t\t\t\t<a class=\"elementor-icon elementor-social-icon elementor-social-icon-instagram elementor-repeater-item-172709b\" href=\"https:\/\/instagram.com\/fraternidadebatuirajacarei\" target=\"_blank\">\n\t\t\t\t\t\t<span class=\"elementor-screen-only\">Instagram<\/span>\n\t\t\t\t\t\t<i aria-hidden=\"true\" class=\"fab fa-instagram\"><\/i>\t\t\t\t\t<\/a>\n\t\t\t\t<\/span>\n\t\t\t\t\t<\/div>\n\t\t\t\t\t\t<\/div>\n\t\t\t\t<\/div>\n\t\t\t\t\t<\/div>\n\t\t<\/div>\n\t\t\t\t\t<\/div>\n\t\t<\/section>\n\t\t\t\t<\/div>\n\t\t","protected":false},"excerpt":{"rendered":"<p>O que \u00e9 o Atendimento Fraterno? O Atendimento Fraterno \u00e9 um momento de acolhimento, di\u00e1logo e orienta\u00e7\u00e3o espiritual oferecido de forma individual, sigilosa e fraterna. Seu objetivo \u00e9 escutar com aten\u00e7\u00e3o, oferecer uma palavra amiga e esclarecer d\u00favidas \u00e0 luz da Doutrina Esp\u00edrita, sempre com respeito, empatia e amor ao pr\u00f3ximo. Esse atendimento n\u00e3o substitui [&hellip;]<\/p>\n","protected":false},"author":1,"featured_media":0,"parent":0,"menu_order":0,"comment_status":"closed","ping_status":"closed","template":"","meta":{"zakra_page_container_layout":"customizer","zakra_page_sidebar_layout":"customizer","zakra_remove_content_margin":false,"zakra_sidebar":"customizer","zakra_transparent_header":"customizer","zakra_logo":0,"zakra_main_header_style":"default","zakra_menu_item_color":"","zakra_menu_item_hover_color":"","zakra_menu_item_active_color":"","zakra_menu_active_style":"","zakra_page_header":true,"footnotes":""},"class_list":["post-782","page","type-page","status-publish","hentry"],"_links":{"self":[{"href":"https:\/\/batuirajacarei.com.br\/index.php\/wp-json\/wp\/v2\/pages\/782","targetHints":{"allow":["GET"]}}],"collection":[{"href":"https:\/\/batuirajacarei.com.br\/index.php\/wp-json\/wp\/v2\/pages"}],"about":[{"href":"https:\/\/batuirajacarei.com.br\/index.php\/wp-json\/wp\/v2\/types\/page"}],"author":[{"embeddable":true,"href":"https:\/\/batuirajacarei.com.br\/index.php\/wp-json\/wp\/v2\/users\/1"}],"replies":[{"embeddable":true,"href":"https:\/\/batuirajacarei.com.br\/index.php\/wp-json\/wp\/v2\/comments?post=782"}],"version-history":[{"count":22,"href":"https:\/\/batuirajacarei.com.br\/index.php\/wp-json\/wp\/v2\/pages\/782\/revisions"}],"predecessor-version":[{"id":3111,"href":"https:\/\/batuirajacarei.com.br\/index.php\/wp-json\/wp\/v2\/pages\/782\/revisions\/3111"}],"wp:attachment":[{"href":"https:\/\/batuirajacarei.com.br\/index.php\/wp-json\/wp\/v2\/media?parent=782"}],"curies":[{"name":"wp","href":"https:\/\/api.w.org\/{rel}","templated":true}]}}