{"id":777,"date":"2021-02-28T10:45:41","date_gmt":"2021-02-28T13:45:41","guid":{"rendered":"https:\/\/batuirajacarei.com.br\/?page_id=777"},"modified":"2025-08-25T17:07:24","modified_gmt":"2025-08-25T20:07:24","slug":"evangelizacao-e-mocidade","status":"publish","type":"page","link":"https:\/\/batuirajacarei.com.br\/index.php\/evangelizacao-e-mocidade\/","title":{"rendered":"Evangeliza\u00e7\u00e3o e Mocidade"},"content":{"rendered":"\t\t<div data-elementor-type=\"wp-page\" data-elementor-id=\"777\" class=\"elementor elementor-777\" data-elementor-post-type=\"page\">\n\t\t\t\t\t\t<section class=\"elementor-section elementor-top-section elementor-element elementor-element-a8b557f elementor-section-boxed elementor-section-height-default elementor-section-height-default\" data-id=\"a8b557f\" data-element_type=\"section\" data-e-type=\"section\">\n\t\t\t\t\t\t<div class=\"elementor-container elementor-column-gap-default\">\n\t\t\t\t\t<div class=\"elementor-column elementor-col-100 elementor-top-column elementor-element elementor-element-18af3e2\" data-id=\"18af3e2\" data-element_type=\"column\" data-e-type=\"column\">\n\t\t\t<div class=\"elementor-widget-wrap elementor-element-populated\">\n\t\t\t\t\t\t<div class=\"elementor-element elementor-element-04b2316 elementor-widget elementor-widget-text-editor\" data-id=\"04b2316\" data-element_type=\"widget\" data-e-type=\"widget\" data-widget_type=\"text-editor.default\">\n\t\t\t\t<div class=\"elementor-widget-container\">\n\t\t\t\t\t\t\t\t\t<p data-start=\"279\" data-end=\"514\">A <strong data-start=\"281\" data-end=\"323\">Evangeliza\u00e7\u00e3o Esp\u00edrita Infanto-Juvenil<\/strong> \u00e9 um trabalho educativo que tem como prop\u00f3sito semear a luz do Evangelho e da Doutrina Esp\u00edrita no cora\u00e7\u00e3o de crian\u00e7as, jovens e adultos, de forma acess\u00edvel e adaptada a cada fase da vida.<\/p><p data-start=\"516\" data-end=\"971\">As atividades acontecem <strong data-start=\"540\" data-end=\"608\">todas as quintas-feiras, \u00e0s 19h, na sede da Fraternidade Batu\u00edra<\/strong>, e s\u00e3o organizadas por faixas et\u00e1rias, garantindo que cada grupo receba conte\u00fados e experi\u00eancias adequadas ao seu momento de desenvolvimento. Enquanto as crian\u00e7as participam das aulas, os pais tamb\u00e9m t\u00eam a oportunidade de assistir e participar de atividades em outra sala, transformando o encontro em um momento de aprendizado e integra\u00e7\u00e3o para toda a fam\u00edlia.<\/p><p data-start=\"973\" data-end=\"1267\">A programa\u00e7\u00e3o inclui experi\u00eancias enriquecedoras, como <strong data-start=\"1028\" data-end=\"1125\">Feira de Ci\u00eancias, Filosofia e Religi\u00e3o, coral, visitas a asilos, visita ao viveiro municipal<\/strong> (um momento especial para reconhecer a presen\u00e7a de Deus na natureza), al\u00e9m de <strong data-start=\"1204\" data-end=\"1226\">din\u00e2micas em grupo<\/strong> e at\u00e9 a divertida <strong data-start=\"1245\" data-end=\"1264\">Noite do Pijama<\/strong>.<\/p><p data-start=\"1269\" data-end=\"1506\">Cada encontro \u00e9 uma oportunidade de <strong data-start=\"1305\" data-end=\"1352\">favorecer o desenvolvimento integral do ser<\/strong>, despertando valores morais, espirituais e sociais, e preparando-o para a vida com base nos princ\u00edpios esp\u00edritas de amor, fraternidade e solidariedade.<\/p>\t\t\t\t\t\t\t\t<\/div>\n\t\t\t\t<\/div>\n\t\t\t\t\t<\/div>\n\t\t<\/div>\n\t\t\t\t\t<\/div>\n\t\t<\/section>\n\t\t\t\t<section class=\"elementor-section elementor-top-section elementor-element elementor-element-a4469b4 elementor-section-boxed elementor-section-height-default elementor-section-height-default\" data-id=\"a4469b4\" data-element_type=\"section\" data-e-type=\"section\">\n\t\t\t\t\t\t<div class=\"elementor-container elementor-column-gap-default\">\n\t\t\t\t\t<div class=\"elementor-column elementor-col-100 elementor-top-column elementor-element elementor-element-ba13f10\" data-id=\"ba13f10\" data-element_type=\"column\" data-e-type=\"column\">\n\t\t\t<div class=\"elementor-widget-wrap elementor-element-populated\">\n\t\t\t\t\t\t<div class=\"elementor-element elementor-element-6f95dfe elementor-arrows-position-inside elementor-pagination-position-outside elementor-widget elementor-widget-image-carousel\" data-id=\"6f95dfe\" data-element_type=\"widget\" data-e-type=\"widget\" data-settings=\"{&quot;navigation&quot;:&quot;both&quot;,&quot;autoplay&quot;:&quot;yes&quot;,&quot;pause_on_hover&quot;:&quot;yes&quot;,&quot;pause_on_interaction&quot;:&quot;yes&quot;,&quot;autoplay_speed&quot;:5000,&quot;infinite&quot;:&quot;yes&quot;,&quot;speed&quot;:500}\" data-widget_type=\"image-carousel.default\">\n\t\t\t\t<div class=\"elementor-widget-container\">\n\t\t\t\t\t\t\t<div class=\"elementor-image-carousel-wrapper swiper\" role=\"region\" aria-roledescription=\"carousel\" aria-label=\"Carrossel de imagens\" dir=\"ltr\">\n\t\t\t<div class=\"elementor-image-carousel swiper-wrapper\" aria-live=\"off\">\n\t\t\t\t\t\t\t\t<div class=\"swiper-slide\" role=\"group\" aria-roledescription=\"slide\" aria-label=\"1 de 6\"><figure class=\"swiper-slide-inner\"><img decoding=\"async\" class=\"swiper-slide-image\" src=\"https:\/\/batuirajacarei.com.br\/wp-content\/uploads\/2025\/08\/IMG-20250825-WA0004-150x150.jpg\" alt=\"IMG-20250825-WA0004\" \/><\/figure><\/div><div class=\"swiper-slide\" role=\"group\" aria-roledescription=\"slide\" aria-label=\"2 de 6\"><figure class=\"swiper-slide-inner\"><img decoding=\"async\" class=\"swiper-slide-image\" src=\"https:\/\/batuirajacarei.com.br\/wp-content\/uploads\/2025\/08\/IMG-20250825-WA0005-150x150.jpg\" alt=\"IMG-20250825-WA0005\" \/><\/figure><\/div><div class=\"swiper-slide\" role=\"group\" aria-roledescription=\"slide\" aria-label=\"3 de 6\"><figure class=\"swiper-slide-inner\"><img decoding=\"async\" class=\"swiper-slide-image\" src=\"https:\/\/batuirajacarei.com.br\/wp-content\/uploads\/2025\/08\/IMG-20250825-WA0006-150x150.jpg\" alt=\"IMG-20250825-WA0006\" \/><\/figure><\/div><div class=\"swiper-slide\" role=\"group\" aria-roledescription=\"slide\" aria-label=\"4 de 6\"><figure class=\"swiper-slide-inner\"><img decoding=\"async\" class=\"swiper-slide-image\" src=\"https:\/\/batuirajacarei.com.br\/wp-content\/uploads\/2025\/08\/IMG-20250825-WA0007-150x150.jpg\" alt=\"IMG-20250825-WA0007\" \/><\/figure><\/div><div class=\"swiper-slide\" role=\"group\" aria-roledescription=\"slide\" aria-label=\"5 de 6\"><figure class=\"swiper-slide-inner\"><img decoding=\"async\" class=\"swiper-slide-image\" src=\"https:\/\/batuirajacarei.com.br\/wp-content\/uploads\/2025\/08\/IMG-20250825-WA0008-150x150.jpg\" alt=\"IMG-20250825-WA0008\" \/><\/figure><\/div><div class=\"swiper-slide\" role=\"group\" aria-roledescription=\"slide\" aria-label=\"6 de 6\"><figure class=\"swiper-slide-inner\"><img decoding=\"async\" class=\"swiper-slide-image\" src=\"https:\/\/batuirajacarei.com.br\/wp-content\/uploads\/2025\/08\/IMG-20250825-WA0009-150x150.jpg\" alt=\"IMG-20250825-WA0009\" \/><\/figure><\/div>\t\t\t<\/div>\n\t\t\t\t\t\t\t\t\t\t\t\t<div class=\"elementor-swiper-button elementor-swiper-button-prev\" role=\"button\" tabindex=\"0\">\n\t\t\t\t\t\t<i aria-hidden=\"true\" class=\"eicon-chevron-left\"><\/i>\t\t\t\t\t<\/div>\n\t\t\t\t\t<div class=\"elementor-swiper-button elementor-swiper-button-next\" role=\"button\" tabindex=\"0\">\n\t\t\t\t\t\t<i aria-hidden=\"true\" class=\"eicon-chevron-right\"><\/i>\t\t\t\t\t<\/div>\n\t\t\t\t\n\t\t\t\t\t\t\t\t\t<div class=\"swiper-pagination\"><\/div>\n\t\t\t\t\t\t\t\t\t<\/div>\n\t\t\t\t\t\t<\/div>\n\t\t\t\t<\/div>\n\t\t\t\t\t<\/div>\n\t\t<\/div>\n\t\t\t\t\t<\/div>\n\t\t<\/section>\n\t\t\t\t<section class=\"elementor-section elementor-top-section elementor-element elementor-element-17e2371 elementor-section-boxed elementor-section-height-default elementor-section-height-default\" data-id=\"17e2371\" data-element_type=\"section\" data-e-type=\"section\">\n\t\t\t\t\t\t<div class=\"elementor-container elementor-column-gap-default\">\n\t\t\t\t\t<div class=\"elementor-column elementor-col-100 elementor-top-column elementor-element elementor-element-cc0b82c\" data-id=\"cc0b82c\" data-element_type=\"column\" data-e-type=\"column\">\n\t\t\t<div class=\"elementor-widget-wrap elementor-element-populated\">\n\t\t\t\t\t\t<div class=\"elementor-element elementor-element-e184976 elementor-widget elementor-widget-text-editor\" data-id=\"e184976\" data-element_type=\"widget\" data-e-type=\"widget\" data-widget_type=\"text-editor.default\">\n\t\t\t\t<div class=\"elementor-widget-container\">\n\t\t\t\t\t\t\t\t\t<p data-start=\"1269\" data-end=\"1506\">\u00a0<\/p><p data-start=\"1513\" data-end=\"1533\"><strong>Como participar<\/strong><\/p><p data-start=\"1535\" data-end=\"1610\">As inscri\u00e7\u00f5es est\u00e3o abertas para <strong data-start=\"1568\" data-end=\"1607\">crian\u00e7as e adolescentes at\u00e9 17 anos<\/strong>.<\/p><p data-start=\"1612\" data-end=\"1721\">Para inscrever-se, basta enviar uma mensagem para o e-mail <strong data-start=\"1671\" data-end=\"1706\"><a class=\"decorated-link cursor-pointer\" rel=\"noopener\" data-start=\"1673\" data-end=\"1704\">batuiraestudosjacarei@gmail.com<\/a><\/strong>, informando:<\/p><ul data-start=\"1723\" data-end=\"1834\"><li data-start=\"1723\" data-end=\"1763\"><p data-start=\"1725\" data-end=\"1763\">Nome completo da crian\u00e7a\/adolescente<\/p><\/li><li data-start=\"1764\" data-end=\"1773\"><p data-start=\"1766\" data-end=\"1773\">Idade<\/p><\/li><li data-start=\"1774\" data-end=\"1797\"><p data-start=\"1776\" data-end=\"1797\">Nome do respons\u00e1vel<\/p><\/li><li data-start=\"1798\" data-end=\"1834\"><p data-start=\"1800\" data-end=\"1834\">Telefone\/WhatsApp do respons\u00e1vel<\/p><\/li><\/ul><p data-start=\"1836\" data-end=\"2011\">Ap\u00f3s o recebimento dos dados, nossa equipe entrar\u00e1 em contato para incluir o respons\u00e1vel no <strong data-start=\"1928\" data-end=\"1949\">Grupo do WhatsApp<\/strong>, onde ser\u00e1 enviado o link de acesso aos encontros semanais.<\/p>\t\t\t\t\t\t\t\t<\/div>\n\t\t\t\t<\/div>\n\t\t\t\t<div class=\"elementor-element elementor-element-ea23cf3 elementor-widget-divider--view-line elementor-widget elementor-widget-divider\" data-id=\"ea23cf3\" data-element_type=\"widget\" data-e-type=\"widget\" data-widget_type=\"divider.default\">\n\t\t\t\t<div class=\"elementor-widget-container\">\n\t\t\t\t\t\t\t<div class=\"elementor-divider\">\n\t\t\t<span class=\"elementor-divider-separator\">\n\t\t\t\t\t\t<\/span>\n\t\t<\/div>\n\t\t\t\t\t\t<\/div>\n\t\t\t\t<\/div>\n\t\t\t\t\t<\/div>\n\t\t<\/div>\n\t\t\t\t\t<\/div>\n\t\t<\/section>\n\t\t\t\t<section class=\"elementor-section elementor-top-section elementor-element elementor-element-7b9f24f elementor-section-boxed elementor-section-height-default elementor-section-height-default\" data-id=\"7b9f24f\" data-element_type=\"section\" data-e-type=\"section\">\n\t\t\t\t\t\t<div class=\"elementor-container elementor-column-gap-default\">\n\t\t\t\t\t<div class=\"elementor-column elementor-col-100 elementor-top-column elementor-element elementor-element-087ebdf\" data-id=\"087ebdf\" data-element_type=\"column\" data-e-type=\"column\">\n\t\t\t<div class=\"elementor-widget-wrap elementor-element-populated\">\n\t\t\t\t\t\t<div class=\"elementor-element elementor-element-41d4f18 elementor-widget elementor-widget-heading\" data-id=\"41d4f18\" data-element_type=\"widget\" data-e-type=\"widget\" data-widget_type=\"heading.default\">\n\t\t\t\t<div class=\"elementor-widget-container\">\n\t\t\t\t\t<h2 class=\"elementor-heading-title elementor-size-medium\">SIGA NOSSAS REDES SOCIAIS:<\/h2>\t\t\t\t<\/div>\n\t\t\t\t<\/div>\n\t\t\t\t\t<\/div>\n\t\t<\/div>\n\t\t\t\t\t<\/div>\n\t\t<\/section>\n\t\t\t\t<section class=\"elementor-section elementor-top-section elementor-element elementor-element-28576ac elementor-section-boxed elementor-section-height-default elementor-section-height-default\" data-id=\"28576ac\" data-element_type=\"section\" data-e-type=\"section\">\n\t\t\t\t\t\t<div class=\"elementor-container elementor-column-gap-default\">\n\t\t\t\t\t<div class=\"elementor-column elementor-col-100 elementor-top-column elementor-element elementor-element-558f5c0\" data-id=\"558f5c0\" data-element_type=\"column\" data-e-type=\"column\">\n\t\t\t<div class=\"elementor-widget-wrap elementor-element-populated\">\n\t\t\t\t\t\t<div class=\"elementor-element elementor-element-30fa3c3 elementor-shape-rounded elementor-grid-0 e-grid-align-center elementor-widget elementor-widget-social-icons\" data-id=\"30fa3c3\" data-element_type=\"widget\" data-e-type=\"widget\" data-widget_type=\"social-icons.default\">\n\t\t\t\t<div class=\"elementor-widget-container\">\n\t\t\t\t\t\t\t<div class=\"elementor-social-icons-wrapper elementor-grid\" role=\"list\">\n\t\t\t\t\t\t\t<span class=\"elementor-grid-item\" role=\"listitem\">\n\t\t\t\t\t<a class=\"elementor-icon elementor-social-icon elementor-social-icon-facebook elementor-repeater-item-493dfa2\" href=\"https:\/\/facebook.com\/fraternidadeespiritacristabatuirajacarei\" target=\"_blank\">\n\t\t\t\t\t\t<span class=\"elementor-screen-only\">Facebook<\/span>\n\t\t\t\t\t\t<i aria-hidden=\"true\" class=\"fab fa-facebook\"><\/i>\t\t\t\t\t<\/a>\n\t\t\t\t<\/span>\n\t\t\t\t\t\t\t<span class=\"elementor-grid-item\" role=\"listitem\">\n\t\t\t\t\t<a class=\"elementor-icon elementor-social-icon elementor-social-icon-instagram elementor-repeater-item-172709b\" href=\"https:\/\/instagram.com\/fraternidadebatuirajacarei\" target=\"_blank\">\n\t\t\t\t\t\t<span class=\"elementor-screen-only\">Instagram<\/span>\n\t\t\t\t\t\t<i aria-hidden=\"true\" class=\"fab fa-instagram\"><\/i>\t\t\t\t\t<\/a>\n\t\t\t\t<\/span>\n\t\t\t\t\t<\/div>\n\t\t\t\t\t\t<\/div>\n\t\t\t\t<\/div>\n\t\t\t\t\t<\/div>\n\t\t<\/div>\n\t\t\t\t\t<\/div>\n\t\t<\/section>\n\t\t\t\t<\/div>\n\t\t","protected":false},"excerpt":{"rendered":"<p>A Evangeliza\u00e7\u00e3o Esp\u00edrita Infanto-Juvenil \u00e9 um trabalho educativo que tem como prop\u00f3sito semear a luz do Evangelho e da Doutrina Esp\u00edrita no cora\u00e7\u00e3o de crian\u00e7as, jovens e adultos, de forma acess\u00edvel e adaptada a cada fase da vida. As atividades acontecem todas as quintas-feiras, \u00e0s 19h, na sede da Fraternidade Batu\u00edra, e s\u00e3o organizadas por [&hellip;]<\/p>\n","protected":false},"author":1,"featured_media":0,"parent":0,"menu_order":0,"comment_status":"closed","ping_status":"closed","template":"","meta":{"zakra_page_container_layout":"customizer","zakra_page_sidebar_layout":"customizer","zakra_remove_content_margin":false,"zakra_sidebar":"customizer","zakra_transparent_header":"customizer","zakra_logo":0,"zakra_main_header_style":"default","zakra_menu_item_color":"","zakra_menu_item_hover_color":"","zakra_menu_item_active_color":"","zakra_menu_active_style":"","zakra_page_header":true,"footnotes":""},"class_list":["post-777","page","type-page","status-publish","hentry"],"_links":{"self":[{"href":"https:\/\/batuirajacarei.com.br\/index.php\/wp-json\/wp\/v2\/pages\/777","targetHints":{"allow":["GET"]}}],"collection":[{"href":"https:\/\/batuirajacarei.com.br\/index.php\/wp-json\/wp\/v2\/pages"}],"about":[{"href":"https:\/\/batuirajacarei.com.br\/index.php\/wp-json\/wp\/v2\/types\/page"}],"author":[{"embeddable":true,"href":"https:\/\/batuirajacarei.com.br\/index.php\/wp-json\/wp\/v2\/users\/1"}],"replies":[{"embeddable":true,"href":"https:\/\/batuirajacarei.com.br\/index.php\/wp-json\/wp\/v2\/comments?post=777"}],"version-history":[{"count":22,"href":"https:\/\/batuirajacarei.com.br\/index.php\/wp-json\/wp\/v2\/pages\/777\/revisions"}],"predecessor-version":[{"id":3106,"href":"https:\/\/batuirajacarei.com.br\/index.php\/wp-json\/wp\/v2\/pages\/777\/revisions\/3106"}],"wp:attachment":[{"href":"https:\/\/batuirajacarei.com.br\/index.php\/wp-json\/wp\/v2\/media?parent=777"}],"curies":[{"name":"wp","href":"https:\/\/api.w.org\/{rel}","templated":true}]}}