{"id":71,"date":"2019-09-28T19:16:34","date_gmt":"2019-09-28T22:16:34","guid":{"rendered":"https:\/\/batuirajacarei.com.br\/?page_id=71"},"modified":"2020-03-02T11:22:46","modified_gmt":"2020-03-02T14:22:46","slug":"23-01-18-pedido-de-socorro","status":"publish","type":"page","link":"https:\/\/batuirajacarei.com.br\/index.php\/23-01-18-pedido-de-socorro\/","title":{"rendered":"23\/01\/18 &#8211; Pedido de Socorro Batu\u00edra"},"content":{"rendered":"\n<p>Como voc\u00ea se sentiria se estivesse \u00e0\nbeira de um de um abismo, por onde um a um , todos os seus sonhos se\ndespencariam, arrastando com eles o trabalho de uma vida inteira, e tamb\u00e9m, o\nsocorro estendido a centenas de crian\u00e7as, que poderiam ser melhores acolhidas,\ncom um desenvolvimento f\u00edsico, social, mental e espiritual, que lhes\npossibilitaria outra oportunidade de Vida melhor? Certamente, como estou hoje,\n(numa tristeza profunda e num total descr\u00e9dito com a bondade dos homens)\nassistindo o desmontar dos trabalhos realizados pelo nosso BPR Batu\u00edra Projeto\nRenascer. Deixaremos de assistir centenas de M\u00e3es Gestantes carentes e, especialmente,\nos seus filhos que voltam \u00e0 Vida pelas portas da Reencarna\u00e7\u00e3o, a quem\nproporcionamos chances de uma exist\u00eancia melhor, tendo em vista os\nconhecimentos, o alimento, a acolhida amorosa, os cuidados, o empoderamento das\nM\u00c3ES, que participam dos Cursos que o Projeto Renascer oferece.&nbsp;Alguns v\u00e3o\ndizer: \u201c\u00c9 a aplica\u00e7\u00e3o da Lei, que preconiza os setores a serem privilegiados\ncom os Conv\u00eanios, infelizmente \u00e9 a realidade!\u201d<\/p>\n\n\n\n<p>Mas eu afirmo que \u00e9 a insensibilidade\ndos homens, que os impede de sentir o sofrimento dos que est\u00e3o \u00e0 margem da\nsociedade, para estenderem as m\u00e3os amigas, distribuindo o p\u00e3o, o\nesclarecimento, a ajuda efetiva, que propiciam um recome\u00e7o e uma nova vida, a\nquem,&nbsp;de fato, precisa de ajuda.<\/p>\n\n\n\n<p>Na conta de quem vai pesar o abandono\ndessas M\u00c3ES GESTANTES E DESSAS CRIAN\u00c7AS nascedoras, que ser\u00e3o desamparadas?<\/p>\n\n\n\n<p>N\u00f3s, da Fraternidade Batu\u00edra e do\nBatu\u00edra Projeto Renascer, temos feito a nossa parte!<\/p>\n\n\n\n<p>N\u00e3o \u00e9 pela nossa vontade que estamos\ndesmontando um trabalho de quase 30 anos!<\/p>\n\n\n\n<p>Perdem as M\u00c3ES, as suas FAM\u00cdLIAS e principalmente\nas suas CRIAN\u00c7AS!<\/p>\n\n\n\n<p>Perde a Sociedade generosa de\nJacare\u00ed!<\/p>\n\n\n\n<p>Perdem aqueles que n\u00e3o t\u00eam olhos de\nver e nem cora\u00e7\u00e3o para sentir!<\/p>\n\n\n\n<p>Quem pode nos ajudar?&nbsp;PRECISAMOS\nDE AJUDA!<\/p>\n\n\n\n<p>Esse o doloroso sentimento que hoje\ncorr\u00f3i a minha alma!<\/p>\n\n\n\n<p>Marici Accioly<\/p>\n","protected":false},"excerpt":{"rendered":"<p>Como voc\u00ea se sentiria se estivesse \u00e0 beira de um de um abismo, por onde um a um , todos os seus sonhos se despencariam, arrastando com eles o trabalho de uma vida inteira, e tamb\u00e9m, o socorro estendido a centenas de crian\u00e7as, que poderiam ser melhores acolhidas, com um desenvolvimento f\u00edsico, social, mental e [&hellip;]<\/p>\n","protected":false},"author":1,"featured_media":0,"parent":0,"menu_order":0,"comment_status":"closed","ping_status":"closed","template":"elementor_header_footer","meta":{"zakra_page_container_layout":"customizer","zakra_page_sidebar_layout":"customizer","zakra_remove_content_margin":false,"zakra_sidebar":"customizer","zakra_transparent_header":"customizer","zakra_logo":0,"zakra_main_header_style":"default","zakra_menu_item_color":"","zakra_menu_item_hover_color":"","zakra_menu_item_active_color":"","zakra_menu_active_style":"","zakra_page_header":true,"footnotes":""},"class_list":["post-71","page","type-page","status-publish","hentry"],"_links":{"self":[{"href":"https:\/\/batuirajacarei.com.br\/index.php\/wp-json\/wp\/v2\/pages\/71","targetHints":{"allow":["GET"]}}],"collection":[{"href":"https:\/\/batuirajacarei.com.br\/index.php\/wp-json\/wp\/v2\/pages"}],"about":[{"href":"https:\/\/batuirajacarei.com.br\/index.php\/wp-json\/wp\/v2\/types\/page"}],"author":[{"embeddable":true,"href":"https:\/\/batuirajacarei.com.br\/index.php\/wp-json\/wp\/v2\/users\/1"}],"replies":[{"embeddable":true,"href":"https:\/\/batuirajacarei.com.br\/index.php\/wp-json\/wp\/v2\/comments?post=71"}],"version-history":[{"count":4,"href":"https:\/\/batuirajacarei.com.br\/index.php\/wp-json\/wp\/v2\/pages\/71\/revisions"}],"predecessor-version":[{"id":416,"href":"https:\/\/batuirajacarei.com.br\/index.php\/wp-json\/wp\/v2\/pages\/71\/revisions\/416"}],"wp:attachment":[{"href":"https:\/\/batuirajacarei.com.br\/index.php\/wp-json\/wp\/v2\/media?parent=71"}],"curies":[{"name":"wp","href":"https:\/\/api.w.org\/{rel}","templated":true}]}}