{"id":67,"date":"2019-09-28T19:16:34","date_gmt":"2019-09-28T22:16:34","guid":{"rendered":"https:\/\/batuirajacarei.com.br\/?page_id=67"},"modified":"2020-11-13T21:58:45","modified_gmt":"2020-11-14T00:58:45","slug":"batuira","status":"publish","type":"page","link":"https:\/\/batuirajacarei.com.br\/index.php\/batuira\/","title":{"rendered":"Batu\u00edra"},"content":{"rendered":"\t\t<div data-elementor-type=\"wp-page\" data-elementor-id=\"67\" class=\"elementor elementor-67\" data-elementor-post-type=\"page\">\n\t\t\t\t\t\t<section class=\"elementor-section elementor-top-section elementor-element elementor-element-5a9feee9 elementor-section-boxed elementor-section-height-default elementor-section-height-default\" data-id=\"5a9feee9\" data-element_type=\"section\" data-e-type=\"section\">\n\t\t\t\t\t\t<div class=\"elementor-container elementor-column-gap-default\">\n\t\t\t\t\t<div class=\"elementor-column elementor-col-100 elementor-top-column elementor-element elementor-element-1966112e\" data-id=\"1966112e\" data-element_type=\"column\" data-e-type=\"column\">\n\t\t\t<div class=\"elementor-widget-wrap elementor-element-populated\">\n\t\t\t\t\t\t<div class=\"elementor-element elementor-element-5fe3cd89 elementor-widget elementor-widget-text-editor\" data-id=\"5fe3cd89\" data-element_type=\"widget\" data-e-type=\"widget\" data-widget_type=\"text-editor.default\">\n\t\t\t\t<div class=\"elementor-widget-container\">\n\t\t\t\t\t\t\t\t\t\n<figure class=\"wp-block-image\"><img fetchpriority=\"high\" decoding=\"async\" width=\"624\" height=\"463\" src=\"https:\/\/batuirajacarei.com.br\/wp-content\/uploads\/2019\/12\/batuira.jpg\" alt=\"\" class=\"wp-image-263\" srcset=\"https:\/\/batuirajacarei.com.br\/wp-content\/uploads\/2019\/12\/batuira.jpg 624w, https:\/\/batuirajacarei.com.br\/wp-content\/uploads\/2019\/12\/batuira-600x445.jpg 600w, https:\/\/batuirajacarei.com.br\/wp-content\/uploads\/2019\/12\/batuira-300x223.jpg 300w\" sizes=\"(max-width: 624px) 100vw, 624px\" \/><\/figure>\n\n\n\n<p>Batu\u00edra nasceu em Portugal, em 19 de mar\u00e7o de 1839, na Prov\u00edncia de \u00c1guas Santas, e recebeu como batismo o nome de Ant\u00f4nio Gon\u00e7alves da Silva e veio para o Brasil com 11 anos de idade. <\/p>\n\n\n\n<p>Mudou-se para S\u00e3o Paulo &#8211; que \u00e0 \u00e9poca, possu\u00eda\ncerca de 30 mil habitantes &#8211; &nbsp;e nos\nprimeiros ano, trabalhou como entregador do \u201cCorreio Paulistano\u201d. A entrega era\nfeita de casa em casa somente aos assinantes. Batu\u00edra recebeu esse apelido (que\nincorporou ao seu nome) por se mover com rapidez, lembrando uma ave do mesmo\nnome, muito ligeira que existia em grande quantidade nos charcos do Parque D.\nPedro II, em S\u00e3o Paulo. <\/p>\n\n\n\n<p>Homem de costumes simples, plantava em seu quintal,\ntudo aquilo de que necessitava para o seu sustento. Com as economias, adquiriu uma\ngrande \u00e1rea desvalorizada no bairro do Lavap\u00e9s, em S\u00e3o&nbsp; Paulo, construindo sua casa e, ao lado dela,\numa rua particular com pequenas casas que alugava, provindo da\u00ed recursos para\nseu sustento. Mais tarde, a rua recebeu o nome de Rua Esp\u00edrita e se situada\nonde hoje \u00e9 o bairro do Cambuci,<\/p>\n\n\n\n<p>Foi nesta \u00e9poca que seu filho \u00fanico, de 12 anos,\nfaleceu. A dor profunda da perda o levou at\u00e9 a Doutrina Esp\u00edrita, tendo\ndedicado \u00e0 ela todo seu tempo livre. Adquiriu uma tipografia, a que deu o nome\nde \u201cTipografia Esp\u00edrita\u201d, na qual imprimia um peri\u00f3dico quinzenal com o nome de\n\u201cVerdade e Luz\u201d, que chegou a uma tiragem de 15 mil exemplares, um n\u00famero\nconsider\u00e1vel para a \u00e9poca e dada a grande exist\u00eancia de analfabetos ainda.<\/p>\n\n\n\n<p>Adotou uma crian\u00e7a com problemas mentais e parapl\u00e9gica,\na qual conviveu em sua companhia desde 1888.<\/p>\n\n\n\n<p>Al\u00e9m da ajuda aos necessitados, criou e Grupos e\nCentros Esp\u00edritas em S\u00e3o Paulo e outros Estados.<\/p>\n\n\n\n<p>Em dezembro de 1904, lan\u00e7ou as bases da Institui\u00e7\u00e3o\nCrist\u00e3 Beneficente \u201cVerdade e Luz\u201d, para cujo patrim\u00f4nio passaram a figurar a\nsua tipografia, e dois s\u00edtios &nbsp;localizados\nem Santo Amaro, nos quais socorria \u00f3rf\u00e3os e vi\u00favas pobres, realizando ali\ntamb\u00e9m, o tratamento de enfermos e obsidiados.<\/p>\n\n\n\n<p>Batu\u00edra era t\u00e3o popular,\nque foi citado em obras como: &#8220;Hist\u00f3ria e Tradi\u00e7\u00f5es de S\u00e3o Paulo&#8221;, de\nErnani Silva Bueno; &#8220;A Academia de S\u00e3o Paulo &#8211; Tradi\u00e7\u00f5es e Reminisc\u00eancias\n&#8211; Estudantes, Estudant\u00f5es e Estudantadas&#8221;, de Almeida Nogueira; &#8220;A\nCidade de S\u00e3o Paulo em 1900&#8221;, de Alfredo Moreira Pinto. Escreveram ainda\nsobre ele, J.B. Chagas, Afonso Schimidt, Paulo Alves Godoy e Zeus Wantuil.<\/p>\n\n\n\n<p>Seu desencarne, em\ndia 22 de janeiro de 1909 recebeu registros na imprensa, com destaque tamb\u00e9m\npara seu trabalho como anti-escravagista.<\/p>\n\t\t\t\t\t\t\t\t<\/div>\n\t\t\t\t<\/div>\n\t\t\t\t\t<\/div>\n\t\t<\/div>\n\t\t\t\t\t<\/div>\n\t\t<\/section>\n\t\t\t\t<section class=\"elementor-section elementor-top-section elementor-element elementor-element-2231caa elementor-section-boxed elementor-section-height-default elementor-section-height-default\" data-id=\"2231caa\" data-element_type=\"section\" data-e-type=\"section\">\n\t\t\t\t\t\t<div class=\"elementor-container elementor-column-gap-default\">\n\t\t\t\t\t<div class=\"elementor-column elementor-col-100 elementor-top-column elementor-element elementor-element-26bd5b5\" data-id=\"26bd5b5\" data-element_type=\"column\" data-e-type=\"column\">\n\t\t\t<div class=\"elementor-widget-wrap\">\n\t\t\t\t\t\t\t<\/div>\n\t\t<\/div>\n\t\t\t\t\t<\/div>\n\t\t<\/section>\n\t\t\t\t<section class=\"elementor-section elementor-top-section elementor-element elementor-element-13d1682 elementor-section-boxed elementor-section-height-default elementor-section-height-default\" data-id=\"13d1682\" data-element_type=\"section\" data-e-type=\"section\">\n\t\t\t\t\t\t<div class=\"elementor-container elementor-column-gap-default\">\n\t\t\t\t\t<div class=\"elementor-column elementor-col-100 elementor-top-column elementor-element elementor-element-d85429d\" data-id=\"d85429d\" data-element_type=\"column\" data-e-type=\"column\">\n\t\t\t<div class=\"elementor-widget-wrap elementor-element-populated\">\n\t\t\t\t\t\t<div class=\"elementor-element elementor-element-9187125 elementor-widget elementor-widget-heading\" data-id=\"9187125\" data-element_type=\"widget\" data-e-type=\"widget\" data-widget_type=\"heading.default\">\n\t\t\t\t<div class=\"elementor-widget-container\">\n\t\t\t\t\t<h2 class=\"elementor-heading-title elementor-size-medium\">SIGA NOSSAS REDES SOCIAIS:<\/h2>\t\t\t\t<\/div>\n\t\t\t\t<\/div>\n\t\t\t\t\t<\/div>\n\t\t<\/div>\n\t\t\t\t\t<\/div>\n\t\t<\/section>\n\t\t\t\t<section class=\"elementor-section elementor-top-section elementor-element elementor-element-9dd2daa elementor-section-boxed elementor-section-height-default elementor-section-height-default\" data-id=\"9dd2daa\" data-element_type=\"section\" data-e-type=\"section\">\n\t\t\t\t\t\t<div class=\"elementor-container elementor-column-gap-default\">\n\t\t\t\t\t<div class=\"elementor-column elementor-col-100 elementor-top-column elementor-element elementor-element-249650c\" data-id=\"249650c\" data-element_type=\"column\" data-e-type=\"column\">\n\t\t\t<div class=\"elementor-widget-wrap elementor-element-populated\">\n\t\t\t\t\t\t<div class=\"elementor-element elementor-element-8494706 elementor-shape-rounded elementor-grid-0 e-grid-align-center elementor-widget elementor-widget-social-icons\" data-id=\"8494706\" data-element_type=\"widget\" data-e-type=\"widget\" data-widget_type=\"social-icons.default\">\n\t\t\t\t<div class=\"elementor-widget-container\">\n\t\t\t\t\t\t\t<div class=\"elementor-social-icons-wrapper elementor-grid\" role=\"list\">\n\t\t\t\t\t\t\t<span class=\"elementor-grid-item\" role=\"listitem\">\n\t\t\t\t\t<a class=\"elementor-icon elementor-social-icon elementor-social-icon-facebook elementor-repeater-item-79afecd\" href=\"https:\/\/facebook.com\/fraternidadeespiritacristabatuirajacarei\" target=\"_blank\">\n\t\t\t\t\t\t<span class=\"elementor-screen-only\">Facebook<\/span>\n\t\t\t\t\t\t<i aria-hidden=\"true\" class=\"fab fa-facebook\"><\/i>\t\t\t\t\t<\/a>\n\t\t\t\t<\/span>\n\t\t\t\t\t\t\t<span class=\"elementor-grid-item\" role=\"listitem\">\n\t\t\t\t\t<a class=\"elementor-icon elementor-social-icon elementor-social-icon-instagram elementor-repeater-item-6174dfb\" href=\"https:\/\/instagram.com\/fraternidadebatuirajacarei\" target=\"_blank\">\n\t\t\t\t\t\t<span class=\"elementor-screen-only\">Instagram<\/span>\n\t\t\t\t\t\t<i aria-hidden=\"true\" class=\"fab fa-instagram\"><\/i>\t\t\t\t\t<\/a>\n\t\t\t\t<\/span>\n\t\t\t\t\t<\/div>\n\t\t\t\t\t\t<\/div>\n\t\t\t\t<\/div>\n\t\t\t\t\t<\/div>\n\t\t<\/div>\n\t\t\t\t\t<\/div>\n\t\t<\/section>\n\t\t\t\t<\/div>\n\t\t","protected":false},"excerpt":{"rendered":"<p>Batu\u00edra nasceu em Portugal, em 19 de mar\u00e7o de 1839, na Prov\u00edncia de \u00c1guas Santas, e recebeu como batismo o nome de Ant\u00f4nio Gon\u00e7alves da Silva e veio para o Brasil com 11 anos de idade. Mudou-se para S\u00e3o Paulo &#8211; que \u00e0 \u00e9poca, possu\u00eda cerca de 30 mil habitantes &#8211; &nbsp;e nos primeiros ano, [&hellip;]<\/p>\n","protected":false},"author":1,"featured_media":0,"parent":0,"menu_order":0,"comment_status":"closed","ping_status":"closed","template":"elementor_header_footer","meta":{"zakra_page_container_layout":"customizer","zakra_page_sidebar_layout":"customizer","zakra_remove_content_margin":false,"zakra_sidebar":"customizer","zakra_transparent_header":"customizer","zakra_logo":0,"zakra_main_header_style":"default","zakra_menu_item_color":"","zakra_menu_item_hover_color":"","zakra_menu_item_active_color":"","zakra_menu_active_style":"","zakra_page_header":true,"footnotes":""},"class_list":["post-67","page","type-page","status-publish","hentry"],"_links":{"self":[{"href":"https:\/\/batuirajacarei.com.br\/index.php\/wp-json\/wp\/v2\/pages\/67","targetHints":{"allow":["GET"]}}],"collection":[{"href":"https:\/\/batuirajacarei.com.br\/index.php\/wp-json\/wp\/v2\/pages"}],"about":[{"href":"https:\/\/batuirajacarei.com.br\/index.php\/wp-json\/wp\/v2\/types\/page"}],"author":[{"embeddable":true,"href":"https:\/\/batuirajacarei.com.br\/index.php\/wp-json\/wp\/v2\/users\/1"}],"replies":[{"embeddable":true,"href":"https:\/\/batuirajacarei.com.br\/index.php\/wp-json\/wp\/v2\/comments?post=67"}],"version-history":[{"count":7,"href":"https:\/\/batuirajacarei.com.br\/index.php\/wp-json\/wp\/v2\/pages\/67\/revisions"}],"predecessor-version":[{"id":634,"href":"https:\/\/batuirajacarei.com.br\/index.php\/wp-json\/wp\/v2\/pages\/67\/revisions\/634"}],"wp:attachment":[{"href":"https:\/\/batuirajacarei.com.br\/index.php\/wp-json\/wp\/v2\/media?parent=67"}],"curies":[{"name":"wp","href":"https:\/\/api.w.org\/{rel}","templated":true}]}}