{"id":59,"date":"2019-09-28T19:16:34","date_gmt":"2019-09-28T22:16:34","guid":{"rendered":"https:\/\/batuirajacarei.com.br\/?page_id=59"},"modified":"2020-11-12T21:50:45","modified_gmt":"2020-11-13T00:50:45","slug":"sobre-nos-2","status":"publish","type":"page","link":"https:\/\/batuirajacarei.com.br\/index.php\/sobre-nos-2\/","title":{"rendered":"Sobre N\u00f3s"},"content":{"rendered":"\t\t<div data-elementor-type=\"wp-page\" data-elementor-id=\"59\" class=\"elementor elementor-59\" data-elementor-post-type=\"page\">\n\t\t\t\t\t\t<section class=\"elementor-section elementor-top-section elementor-element elementor-element-3f83b9e3 elementor-section-boxed elementor-section-height-default elementor-section-height-default\" data-id=\"3f83b9e3\" data-element_type=\"section\" data-e-type=\"section\">\n\t\t\t\t\t\t<div class=\"elementor-container elementor-column-gap-default\">\n\t\t\t\t\t<div class=\"elementor-column elementor-col-100 elementor-top-column elementor-element elementor-element-555d4bba\" data-id=\"555d4bba\" data-element_type=\"column\" data-e-type=\"column\">\n\t\t\t<div class=\"elementor-widget-wrap elementor-element-populated\">\n\t\t\t\t\t\t<div class=\"elementor-element elementor-element-1e895127 elementor-widget elementor-widget-text-editor\" data-id=\"1e895127\" data-element_type=\"widget\" data-e-type=\"widget\" data-widget_type=\"text-editor.default\">\n\t\t\t\t<div class=\"elementor-widget-container\">\n\t\t\t\t\t\t\t\t\t\n<figure class=\"wp-block-image is-resized\"><img fetchpriority=\"high\" decoding=\"async\" src=\"https:\/\/batuirajacarei.com.br\/wp-content\/uploads\/2020\/01\/2018-Projeto-Renascer-Logo-FINAL_2018-Projeto-Renascer-Logo-FINAL-.jpg\" alt=\"\" class=\"wp-image-293\" width=\"678\" height=\"659\"\/><\/figure>\n\n\n\n<p>\u201cO Espiritismo, como doutrina moral, s\u00f3 imp\u00f5e uma coisa: a necessidade de fazer o bem e evitar o mal.\u201d ( Alan Kardec)<\/p>\n\n\n\n<p>Os\ntrabalhos de divulga\u00e7\u00e3o, atendimento e socorro espirituais eram oferecidos pela\nFraternidade Esp\u00edrita Crist\u00e3 Batu\u00edra, desde a sua funda\u00e7\u00e3o em 1977, atrav\u00e9s de reuni\u00f5es,\npalestras e cursos regulares, com muito amor e dedica\u00e7\u00e3o, por\u00e9m, ainda faltava\nalguma coisa a se fazer!<\/p>\n\n\n\n<p>Conscientes da grande verdade que \u00e9 a Reencarna\u00e7\u00e3o, voltamos os nossos olhos para o setor da popula\u00e7\u00e3o, que \u00e9 instrumento respons\u00e1vel pelo retorno do Esp\u00edrito \u00e0 vida material, &#8211; a Fam\u00edlia; e dentro dela as M\u00e3es Gestantes, especialmente aquelas em situa\u00e7\u00e3o de risco e vulnerabilidade.<\/p>\n\n\n\n<figure class=\"wp-block-image is-resized\"><img decoding=\"async\" src=\"https:\/\/batuirajacarei.com.br\/wp-content\/uploads\/2020\/01\/9853d11ae12591d490b1ac1f4df064de_w630h380-1.jpg\" alt=\"\" class=\"wp-image-290\" width=\"664\" height=\"400\" srcset=\"https:\/\/batuirajacarei.com.br\/wp-content\/uploads\/2020\/01\/9853d11ae12591d490b1ac1f4df064de_w630h380-1.jpg 630w, https:\/\/batuirajacarei.com.br\/wp-content\/uploads\/2020\/01\/9853d11ae12591d490b1ac1f4df064de_w630h380-1-600x362.jpg 600w, https:\/\/batuirajacarei.com.br\/wp-content\/uploads\/2020\/01\/9853d11ae12591d490b1ac1f4df064de_w630h380-1-300x181.jpg 300w\" sizes=\"(max-width: 664px) 100vw, 664px\" \/><\/figure>\n\n\n\n<p>Assim\nnasceu o Batu\u00edra Projeto Renascer, em 1991, para atender as M\u00e3es Gestantes da cidade\nde Jacare\u00ed, seus beb\u00eas rec\u00e9m-nascidos e seus filhos de at\u00e9 cinco anos.<\/p>\n\n\n\n<p>At\u00e9 o\nmomento, milhares de M\u00e3es j\u00e1 passaram pelo Projeto Renascer, participando dos\nCursos regulares de Sa\u00fade, Qualidade de Vida, Cidadania e das Oficinas Profissionalizantes\ne Incentivadoras, o que lhes proporciona uma nova oportunidade de vida mais\nfeliz.<\/p>\n\n\n\n<p>No BPR\nelas almo\u00e7am e lancham. Recebem uma cesta b\u00e1sica, estando presente nas aulas,\npasses de \u00f4nibus, roupas novas e usadas, o enxoval do beb\u00ea e o kit para levar \u00e0\nMaternidade.<\/p>\n\n\n\n<p>Voc\u00ea, que agora visita o nosso site, gostaria de participar desse Trabalho de Amor?<\/p>\n\n\n\n<p>Sim! Ent\u00e3o entre em contato conosco! <a href=\"mailto: batuira@batuirajacarei.com.br\">batuira@batuirajacarei.com.br<\/a><\/p>\n\n\n\n<p>Doe\nroupas em bom estado, doe alimentos, fa\u00e7a parte da nossa Rede de Amigos ou seja\num Volunt\u00e1rio do BPR!<\/p>\n\n\n\n<p>Fa\u00e7a o\nAmor florescer com a sua generosidade!<\/p>\n\t\t\t\t\t\t\t\t<\/div>\n\t\t\t\t<\/div>\n\t\t\t\t\t<\/div>\n\t\t<\/div>\n\t\t\t\t\t<\/div>\n\t\t<\/section>\n\t\t\t\t<section class=\"elementor-section elementor-top-section elementor-element elementor-element-d2b5863 elementor-section-boxed elementor-section-height-default elementor-section-height-default\" data-id=\"d2b5863\" data-element_type=\"section\" data-e-type=\"section\">\n\t\t\t\t\t\t<div class=\"elementor-container elementor-column-gap-default\">\n\t\t\t\t\t<div class=\"elementor-column elementor-col-100 elementor-top-column elementor-element elementor-element-99b366a\" data-id=\"99b366a\" data-element_type=\"column\" data-e-type=\"column\">\n\t\t\t<div class=\"elementor-widget-wrap\">\n\t\t\t\t\t\t\t<\/div>\n\t\t<\/div>\n\t\t\t\t\t<\/div>\n\t\t<\/section>\n\t\t\t\t<section class=\"elementor-section elementor-top-section elementor-element elementor-element-a7ba03d elementor-section-boxed elementor-section-height-default elementor-section-height-default\" data-id=\"a7ba03d\" data-element_type=\"section\" data-e-type=\"section\">\n\t\t\t\t\t\t<div class=\"elementor-container elementor-column-gap-default\">\n\t\t\t\t\t<div class=\"elementor-column elementor-col-100 elementor-top-column elementor-element elementor-element-b83b9b0\" data-id=\"b83b9b0\" data-element_type=\"column\" data-e-type=\"column\">\n\t\t\t<div class=\"elementor-widget-wrap elementor-element-populated\">\n\t\t\t\t\t\t<div class=\"elementor-element elementor-element-7a9ec9c elementor-widget elementor-widget-heading\" data-id=\"7a9ec9c\" data-element_type=\"widget\" data-e-type=\"widget\" data-widget_type=\"heading.default\">\n\t\t\t\t<div class=\"elementor-widget-container\">\n\t\t\t\t\t<h2 class=\"elementor-heading-title elementor-size-medium\">SIGA NOSSAS REDES SOCIAIS:<\/h2>\t\t\t\t<\/div>\n\t\t\t\t<\/div>\n\t\t\t\t\t<\/div>\n\t\t<\/div>\n\t\t\t\t\t<\/div>\n\t\t<\/section>\n\t\t\t\t<section class=\"elementor-section elementor-top-section elementor-element elementor-element-93914d1 elementor-section-boxed elementor-section-height-default elementor-section-height-default\" data-id=\"93914d1\" data-element_type=\"section\" data-e-type=\"section\">\n\t\t\t\t\t\t<div class=\"elementor-container elementor-column-gap-default\">\n\t\t\t\t\t<div class=\"elementor-column elementor-col-100 elementor-top-column elementor-element elementor-element-0b04a84\" data-id=\"0b04a84\" data-element_type=\"column\" data-e-type=\"column\">\n\t\t\t<div class=\"elementor-widget-wrap elementor-element-populated\">\n\t\t\t\t\t\t<div class=\"elementor-element elementor-element-266bdea elementor-shape-rounded elementor-grid-0 e-grid-align-center elementor-widget elementor-widget-social-icons\" data-id=\"266bdea\" data-element_type=\"widget\" data-e-type=\"widget\" data-widget_type=\"social-icons.default\">\n\t\t\t\t<div class=\"elementor-widget-container\">\n\t\t\t\t\t\t\t<div class=\"elementor-social-icons-wrapper elementor-grid\" role=\"list\">\n\t\t\t\t\t\t\t<span class=\"elementor-grid-item\" role=\"listitem\">\n\t\t\t\t\t<a class=\"elementor-icon elementor-social-icon elementor-social-icon-facebook elementor-repeater-item-b22a63d\" href=\"https:\/\/facebook.com\/batuiraamparaasgestantesdejacarei\" target=\"_blank\">\n\t\t\t\t\t\t<span class=\"elementor-screen-only\">Facebook<\/span>\n\t\t\t\t\t\t<i aria-hidden=\"true\" class=\"fab fa-facebook\"><\/i>\t\t\t\t\t<\/a>\n\t\t\t\t<\/span>\n\t\t\t\t\t\t\t<span class=\"elementor-grid-item\" role=\"listitem\">\n\t\t\t\t\t<a class=\"elementor-icon elementor-social-icon elementor-social-icon-instagram elementor-repeater-item-eb99994\" href=\"https:\/\/instagram.com\/batuiraprojetorenascer\" target=\"_blank\">\n\t\t\t\t\t\t<span class=\"elementor-screen-only\">Instagram<\/span>\n\t\t\t\t\t\t<i aria-hidden=\"true\" class=\"fab fa-instagram\"><\/i>\t\t\t\t\t<\/a>\n\t\t\t\t<\/span>\n\t\t\t\t\t<\/div>\n\t\t\t\t\t\t<\/div>\n\t\t\t\t<\/div>\n\t\t\t\t\t<\/div>\n\t\t<\/div>\n\t\t\t\t\t<\/div>\n\t\t<\/section>\n\t\t\t\t<\/div>\n\t\t","protected":false},"excerpt":{"rendered":"<p>\u201cO Espiritismo, como doutrina moral, s\u00f3 imp\u00f5e uma coisa: a necessidade de fazer o bem e evitar o mal.\u201d ( Alan Kardec) Os trabalhos de divulga\u00e7\u00e3o, atendimento e socorro espirituais eram oferecidos pela Fraternidade Esp\u00edrita Crist\u00e3 Batu\u00edra, desde a sua funda\u00e7\u00e3o em 1977, atrav\u00e9s de reuni\u00f5es, palestras e cursos regulares, com muito amor e dedica\u00e7\u00e3o, [&hellip;]<\/p>\n","protected":false},"author":1,"featured_media":0,"parent":0,"menu_order":0,"comment_status":"closed","ping_status":"closed","template":"elementor_header_footer","meta":{"zakra_page_container_layout":"customizer","zakra_page_sidebar_layout":"customizer","zakra_remove_content_margin":false,"zakra_sidebar":"customizer","zakra_transparent_header":"customizer","zakra_logo":0,"zakra_main_header_style":"default","zakra_menu_item_color":"","zakra_menu_item_hover_color":"","zakra_menu_item_active_color":"","zakra_menu_active_style":"","zakra_page_header":true,"footnotes":""},"class_list":["post-59","page","type-page","status-publish","hentry"],"_links":{"self":[{"href":"https:\/\/batuirajacarei.com.br\/index.php\/wp-json\/wp\/v2\/pages\/59","targetHints":{"allow":["GET"]}}],"collection":[{"href":"https:\/\/batuirajacarei.com.br\/index.php\/wp-json\/wp\/v2\/pages"}],"about":[{"href":"https:\/\/batuirajacarei.com.br\/index.php\/wp-json\/wp\/v2\/types\/page"}],"author":[{"embeddable":true,"href":"https:\/\/batuirajacarei.com.br\/index.php\/wp-json\/wp\/v2\/users\/1"}],"replies":[{"embeddable":true,"href":"https:\/\/batuirajacarei.com.br\/index.php\/wp-json\/wp\/v2\/comments?post=59"}],"version-history":[{"count":14,"href":"https:\/\/batuirajacarei.com.br\/index.php\/wp-json\/wp\/v2\/pages\/59\/revisions"}],"predecessor-version":[{"id":615,"href":"https:\/\/batuirajacarei.com.br\/index.php\/wp-json\/wp\/v2\/pages\/59\/revisions\/615"}],"wp:attachment":[{"href":"https:\/\/batuirajacarei.com.br\/index.php\/wp-json\/wp\/v2\/media?parent=59"}],"curies":[{"name":"wp","href":"https:\/\/api.w.org\/{rel}","templated":true}]}}