{"id":58,"date":"2019-09-28T19:16:34","date_gmt":"2019-09-28T22:16:34","guid":{"rendered":"https:\/\/batuirajacarei.com.br\/?page_id=58"},"modified":"2020-11-13T21:58:09","modified_gmt":"2020-11-14T00:58:09","slug":"sobre-nos","status":"publish","type":"page","link":"https:\/\/batuirajacarei.com.br\/index.php\/sobre-nos\/","title":{"rendered":"Sobre N\u00f3s"},"content":{"rendered":"\t\t<div data-elementor-type=\"wp-page\" data-elementor-id=\"58\" class=\"elementor elementor-58\" data-elementor-post-type=\"page\">\n\t\t\t\t\t\t<section class=\"elementor-section elementor-top-section elementor-element elementor-element-ec2233a elementor-section-boxed elementor-section-height-default elementor-section-height-default\" data-id=\"ec2233a\" data-element_type=\"section\" data-e-type=\"section\">\n\t\t\t\t\t\t<div class=\"elementor-container elementor-column-gap-default\">\n\t\t\t\t\t<div class=\"elementor-column elementor-col-100 elementor-top-column elementor-element elementor-element-76683a4c\" data-id=\"76683a4c\" data-element_type=\"column\" data-e-type=\"column\">\n\t\t\t<div class=\"elementor-widget-wrap elementor-element-populated\">\n\t\t\t\t\t\t<div class=\"elementor-element elementor-element-340e5817 elementor-widget elementor-widget-text-editor\" data-id=\"340e5817\" data-element_type=\"widget\" data-e-type=\"widget\" data-widget_type=\"text-editor.default\">\n\t\t\t\t<div class=\"elementor-widget-container\">\n\t\t\t\t\t\t\t\t\t\n<p>Tivemos um sonho, um dia, h\u00e1 mais de quarenta anos passados. Amigos foram chegando e sonharam conosco o mesmo sonho. Era um sonho de amor pelos nossos semelhantes, que previa um mundo melhor para todos os homens de acordo com a Boa Nova de Jesus! Era de amor esse nosso sonho, e tamb\u00e9m de semear esperan\u00e7a entre as pessoas. <\/p>\n\n\n\n<p>Para que isso se tornasse realidade, foi preciso empenho, dedica\u00e7\u00e3o,\nmuitas mentes afinizadas, muitos bra\u00e7os fortes para erguer o trabalho, coragem\ne persist\u00eancia para que fosse concretizado.<\/p>\n\n\n\n<p>&nbsp;No ano de 1977, foi legalmente\nfundada a Fraternidade Esp\u00edrita Crist\u00e3 Batu\u00edra e no ano seguinte,&nbsp; em 18\nde setembro, foi inaugurada a sede pr\u00f3pria da institui\u00e7\u00e3o, para a difus\u00e3o da\nDoutrina Esp\u00edrita, levando consolo, amor e conhecimentos. <\/p>\n\n\n\n<p>Palestras, passes, cursos de educa\u00e7\u00e3o e orienta\u00e7\u00e3o esp\u00edrita, trabalhos\nde desobsess\u00e3o, tratamento espiritual, vibra\u00e7\u00e3o, Evangeliza\u00e7\u00e3o Infantil e\nMocidade Esp\u00edrita s\u00e3o as atividades&nbsp; desenvolvidas, que a Fraternidade\nBatu\u00edra realiza semanalmente, com inscri\u00e7\u00e3o de interessados e abertos ao\np\u00fablico.&nbsp; <\/p>\n\n\n\n<p>Atrav\u00e9s do Batu\u00edra Projeto Renascer, a Fraternidade atende gestantes\nmais necessitadas e seus filhos at\u00e9 5 anos, com levantamento social e\nassist\u00eancia material (distribui\u00e7\u00e3o de alimentos, roupas, &nbsp;passes de \u00f4nibus, brinquedos, utens\u00edlios)\ndentro do Programa de Desenvolvimento de Amor.&nbsp; Neste ano, haver\u00e1\natendimento semanal \u00e0s outras&nbsp; crian\u00e7as\nde Jacare\u00ed,&nbsp; de 2 a 5 anos.<\/p>\n\n\n\n<figure class=\"wp-block-image is-resized\"><img fetchpriority=\"high\" decoding=\"async\" src=\"https:\/\/batuirajacarei.com.br\/wp-content\/uploads\/2020\/01\/fraternidade.jpg\" alt=\"\" class=\"wp-image-282\" width=\"569\" height=\"379\"\/><\/figure>\n\n\n\n<p>Tanto a Fraternidade Esp\u00edrita Crist\u00e3 Batu\u00edra como o BPR-Batu\u00edra Projeto Renascer, est\u00e3o sob a administra\u00e7\u00e3o de uma Coordenadoria Executiva, um Conselho Administrativo e um Conselho Fiscal.&nbsp; Essa Diretoria \u00e9 composta por 35 pessoas (12 Coordenadores, 20 Conselheiros Administrativos e 3 Conselheiros Fiscais) e funciona em Sistema de colegiado. Todas as decis\u00f5es s\u00e3o discutidas em comum e definidas por consenso.<\/p>\n\n\n\n<p>As duas\ninstitui\u00e7\u00f5es s\u00e3o mantidas por s\u00f3cios, colaboradores, volunt\u00e1rios, doa\u00e7\u00f5es, eventos\n(venda de lasanha, bazares de roupas semi novas). Conta ainda com os volunt\u00e1rios\nda padaria artesanal e do projeto m\u00e3o na massa de pizzas. <\/p>\n\n\n\n<p> <\/p>\n\n\n\n<p><\/p>\n\t\t\t\t\t\t\t\t<\/div>\n\t\t\t\t<\/div>\n\t\t\t\t\t<\/div>\n\t\t<\/div>\n\t\t\t\t\t<\/div>\n\t\t<\/section>\n\t\t\t\t<section class=\"elementor-section elementor-top-section elementor-element elementor-element-afa274e elementor-section-boxed elementor-section-height-default elementor-section-height-default\" data-id=\"afa274e\" data-element_type=\"section\" data-e-type=\"section\">\n\t\t\t\t\t\t<div class=\"elementor-container elementor-column-gap-default\">\n\t\t\t\t\t<div class=\"elementor-column elementor-col-100 elementor-top-column elementor-element elementor-element-0b11470\" data-id=\"0b11470\" data-element_type=\"column\" data-e-type=\"column\">\n\t\t\t<div class=\"elementor-widget-wrap\">\n\t\t\t\t\t\t\t<\/div>\n\t\t<\/div>\n\t\t\t\t\t<\/div>\n\t\t<\/section>\n\t\t\t\t<section class=\"elementor-section elementor-top-section elementor-element elementor-element-0b4c0f5 elementor-section-boxed elementor-section-height-default elementor-section-height-default\" data-id=\"0b4c0f5\" data-element_type=\"section\" data-e-type=\"section\">\n\t\t\t\t\t\t<div class=\"elementor-container elementor-column-gap-default\">\n\t\t\t\t\t<div class=\"elementor-column elementor-col-100 elementor-top-column elementor-element elementor-element-4f86189\" data-id=\"4f86189\" data-element_type=\"column\" data-e-type=\"column\">\n\t\t\t<div class=\"elementor-widget-wrap elementor-element-populated\">\n\t\t\t\t\t\t<div class=\"elementor-element elementor-element-ca52b74 elementor-widget elementor-widget-heading\" data-id=\"ca52b74\" data-element_type=\"widget\" data-e-type=\"widget\" data-widget_type=\"heading.default\">\n\t\t\t\t<div class=\"elementor-widget-container\">\n\t\t\t\t\t<h2 class=\"elementor-heading-title elementor-size-medium\">SIGA NOSSAS REDES SOCIAIS:<\/h2>\t\t\t\t<\/div>\n\t\t\t\t<\/div>\n\t\t\t\t\t<\/div>\n\t\t<\/div>\n\t\t\t\t\t<\/div>\n\t\t<\/section>\n\t\t\t\t<section class=\"elementor-section elementor-top-section elementor-element elementor-element-c0fca50 elementor-section-boxed elementor-section-height-default elementor-section-height-default\" data-id=\"c0fca50\" data-element_type=\"section\" data-e-type=\"section\">\n\t\t\t\t\t\t<div class=\"elementor-container elementor-column-gap-default\">\n\t\t\t\t\t<div class=\"elementor-column elementor-col-100 elementor-top-column elementor-element elementor-element-aba9e84\" data-id=\"aba9e84\" data-element_type=\"column\" data-e-type=\"column\">\n\t\t\t<div class=\"elementor-widget-wrap elementor-element-populated\">\n\t\t\t\t\t\t<div class=\"elementor-element elementor-element-8e96d5d elementor-shape-rounded elementor-grid-0 e-grid-align-center elementor-widget elementor-widget-social-icons\" data-id=\"8e96d5d\" data-element_type=\"widget\" data-e-type=\"widget\" data-widget_type=\"social-icons.default\">\n\t\t\t\t<div class=\"elementor-widget-container\">\n\t\t\t\t\t\t\t<div class=\"elementor-social-icons-wrapper elementor-grid\" role=\"list\">\n\t\t\t\t\t\t\t<span class=\"elementor-grid-item\" role=\"listitem\">\n\t\t\t\t\t<a class=\"elementor-icon elementor-social-icon elementor-social-icon-facebook elementor-repeater-item-1146d8a\" href=\"https:\/\/facebook.com\/fraternidadeespiritacristabatuirajacarei\" target=\"_blank\">\n\t\t\t\t\t\t<span class=\"elementor-screen-only\">Facebook<\/span>\n\t\t\t\t\t\t<i aria-hidden=\"true\" class=\"fab fa-facebook\"><\/i>\t\t\t\t\t<\/a>\n\t\t\t\t<\/span>\n\t\t\t\t\t\t\t<span class=\"elementor-grid-item\" role=\"listitem\">\n\t\t\t\t\t<a class=\"elementor-icon elementor-social-icon elementor-social-icon-instagram elementor-repeater-item-6b217de\" href=\"https:\/\/instagram.com\/fraternidadebatuirajacarei\" target=\"_blank\">\n\t\t\t\t\t\t<span class=\"elementor-screen-only\">Instagram<\/span>\n\t\t\t\t\t\t<i aria-hidden=\"true\" class=\"fab fa-instagram\"><\/i>\t\t\t\t\t<\/a>\n\t\t\t\t<\/span>\n\t\t\t\t\t<\/div>\n\t\t\t\t\t\t<\/div>\n\t\t\t\t<\/div>\n\t\t\t\t\t<\/div>\n\t\t<\/div>\n\t\t\t\t\t<\/div>\n\t\t<\/section>\n\t\t\t\t<\/div>\n\t\t","protected":false},"excerpt":{"rendered":"<p>Tivemos um sonho, um dia, h\u00e1 mais de quarenta anos passados. Amigos foram chegando e sonharam conosco o mesmo sonho. Era um sonho de amor pelos nossos semelhantes, que previa um mundo melhor para todos os homens de acordo com a Boa Nova de Jesus! Era de amor esse nosso sonho, e tamb\u00e9m de semear [&hellip;]<\/p>\n","protected":false},"author":1,"featured_media":0,"parent":0,"menu_order":0,"comment_status":"closed","ping_status":"closed","template":"elementor_header_footer","meta":{"zakra_page_container_layout":"customizer","zakra_page_sidebar_layout":"customizer","zakra_remove_content_margin":false,"zakra_sidebar":"customizer","zakra_transparent_header":"customizer","zakra_logo":0,"zakra_main_header_style":"default","zakra_menu_item_color":"","zakra_menu_item_hover_color":"","zakra_menu_item_active_color":"","zakra_menu_active_style":"","zakra_page_header":true,"footnotes":""},"class_list":["post-58","page","type-page","status-publish","hentry"],"_links":{"self":[{"href":"https:\/\/batuirajacarei.com.br\/index.php\/wp-json\/wp\/v2\/pages\/58","targetHints":{"allow":["GET"]}}],"collection":[{"href":"https:\/\/batuirajacarei.com.br\/index.php\/wp-json\/wp\/v2\/pages"}],"about":[{"href":"https:\/\/batuirajacarei.com.br\/index.php\/wp-json\/wp\/v2\/types\/page"}],"author":[{"embeddable":true,"href":"https:\/\/batuirajacarei.com.br\/index.php\/wp-json\/wp\/v2\/users\/1"}],"replies":[{"embeddable":true,"href":"https:\/\/batuirajacarei.com.br\/index.php\/wp-json\/wp\/v2\/comments?post=58"}],"version-history":[{"count":10,"href":"https:\/\/batuirajacarei.com.br\/index.php\/wp-json\/wp\/v2\/pages\/58\/revisions"}],"predecessor-version":[{"id":633,"href":"https:\/\/batuirajacarei.com.br\/index.php\/wp-json\/wp\/v2\/pages\/58\/revisions\/633"}],"wp:attachment":[{"href":"https:\/\/batuirajacarei.com.br\/index.php\/wp-json\/wp\/v2\/media?parent=58"}],"curies":[{"name":"wp","href":"https:\/\/api.w.org\/{rel}","templated":true}]}}