{"id":485,"date":"2020-03-16T10:53:15","date_gmt":"2020-03-16T13:53:15","guid":{"rendered":"https:\/\/batuirajacarei.com.br\/?page_id=485"},"modified":"2020-03-16T10:53:16","modified_gmt":"2020-03-16T13:53:16","slug":"11-01-20-mensagem-i-d","status":"publish","type":"page","link":"https:\/\/batuirajacarei.com.br\/index.php\/11-01-20-mensagem-i-d\/","title":{"rendered":"11\/01\/20 &#8211; Mensagem  I.D."},"content":{"rendered":"\n<p>\u201cOuve&#8230;\u201d<\/p>\n\n\n\n<p>Ouve a voz do teu cora\u00e7\u00e3o que te clama \u00e0 reflex\u00e3o sobre o\nque tens feito da tua vida.<\/p>\n\n\n\n<p>\u00c9 como se uma brisa luminosa invadisse a tua mente e visses\npela primeira vez o quanto \u00e9 bela a tua exist\u00eancia!<\/p>\n\n\n\n<p>Muito amaste!<\/p>\n\n\n\n<p>Muito lutaste pelos teus ideais!<\/p>\n\n\n\n<p>Muito trabalhaste o teu sentimento!<\/p>\n\n\n\n<p>E hoje, quando parece que o cansa\u00e7o quer tomar conta do teu\nesp\u00edrito, lembra-te que \u00e9s seguidora de Jesus e das suas li\u00e7\u00f5es e que precisas\nser sua disc\u00edpula fiel, divulgando, com a tua postura na vida, grande de li\u00e7\u00e3o\nde Amor, que o Mestre deixou gravada no teu cora\u00e7\u00e3o.<\/p>\n\n\n\n<p>N\u00e3o desanimes!<\/p>\n\n\n\n<p>Persevera sempre!<\/p>\n","protected":false},"excerpt":{"rendered":"<p>\u201cOuve&#8230;\u201d Ouve a voz do teu cora\u00e7\u00e3o que te clama \u00e0 reflex\u00e3o sobre o que tens feito da tua vida. \u00c9 como se uma brisa luminosa invadisse a tua mente e visses pela primeira vez o quanto \u00e9 bela a tua exist\u00eancia! Muito amaste! Muito lutaste pelos teus ideais! Muito trabalhaste o teu sentimento! E [&hellip;]<\/p>\n","protected":false},"author":1,"featured_media":0,"parent":0,"menu_order":0,"comment_status":"closed","ping_status":"closed","template":"","meta":{"zakra_page_container_layout":"customizer","zakra_page_sidebar_layout":"customizer","zakra_remove_content_margin":false,"zakra_sidebar":"customizer","zakra_transparent_header":"customizer","zakra_logo":0,"zakra_main_header_style":"default","zakra_menu_item_color":"","zakra_menu_item_hover_color":"","zakra_menu_item_active_color":"","zakra_menu_active_style":"","zakra_page_header":true,"footnotes":""},"class_list":["post-485","page","type-page","status-publish","hentry"],"_links":{"self":[{"href":"https:\/\/batuirajacarei.com.br\/index.php\/wp-json\/wp\/v2\/pages\/485","targetHints":{"allow":["GET"]}}],"collection":[{"href":"https:\/\/batuirajacarei.com.br\/index.php\/wp-json\/wp\/v2\/pages"}],"about":[{"href":"https:\/\/batuirajacarei.com.br\/index.php\/wp-json\/wp\/v2\/types\/page"}],"author":[{"embeddable":true,"href":"https:\/\/batuirajacarei.com.br\/index.php\/wp-json\/wp\/v2\/users\/1"}],"replies":[{"embeddable":true,"href":"https:\/\/batuirajacarei.com.br\/index.php\/wp-json\/wp\/v2\/comments?post=485"}],"version-history":[{"count":1,"href":"https:\/\/batuirajacarei.com.br\/index.php\/wp-json\/wp\/v2\/pages\/485\/revisions"}],"predecessor-version":[{"id":486,"href":"https:\/\/batuirajacarei.com.br\/index.php\/wp-json\/wp\/v2\/pages\/485\/revisions\/486"}],"wp:attachment":[{"href":"https:\/\/batuirajacarei.com.br\/index.php\/wp-json\/wp\/v2\/media?parent=485"}],"curies":[{"name":"wp","href":"https:\/\/api.w.org\/{rel}","templated":true}]}}