{"id":480,"date":"2020-03-16T10:48:48","date_gmt":"2020-03-16T13:48:48","guid":{"rendered":"https:\/\/batuirajacarei.com.br\/?page_id=480"},"modified":"2020-03-16T10:51:54","modified_gmt":"2020-03-16T13:51:54","slug":"11-01-20-mensagem-batuira","status":"publish","type":"page","link":"https:\/\/batuirajacarei.com.br\/index.php\/11-01-20-mensagem-batuira\/","title":{"rendered":"11\/01\/20 &#8211; Mensagem Batu\u00edra"},"content":{"rendered":"\n<p>Verdade e Luz<\/p>\n\n\n\n<p>Meus filhos muito amados, que as ben\u00e7\u00e3os do Mundo Maior\nrecaiam sobre v\u00f3s, com a presen\u00e7a de Jesus iluminando o vosso caminho.<\/p>\n\n\n\n<p>\u201cSois Crist\u00e3os?\u201d<\/p>\n\n\n\n<p>Professais f\u00e9 nos ensinamentos de Jesus, mas eu vos\npergunto: &#8211; Tendes sempre seguido as suas li\u00e7\u00f5es de Amor?<\/p>\n\n\n\n<p>Lestes ontem, hoje e antes de ontem os textos maravilhosos\ndos Evangelhos, mas como vos comportastes perante o primeiro desafeto, que vos\napareceu pela frente?<\/p>\n\n\n\n<p>Tendes exigido dos outros aquilo que v\u00f3s mesmos n\u00e3o\nconseguistes realizar? Entretanto estudastes, ainda hoje, que \u00e9 preciso amar o\npr\u00f3ximo como a v\u00f3s mesmos!<\/p>\n\n\n\n<p>Tendes agido com cr\u00edticas ferozes ao comportamento de certo\nalgu\u00e9m, mas n\u00e3o reparastes bem, se n\u00e3o sois v\u00f3s mesmos, a agir da mesma forma\nque ele?<\/p>\n\n\n\n<p>E o Evangelho de Jesus n\u00e3o nos pede entendimento e\ncompreens\u00e3o, para n\u00e3o julgarmos indevidamente algu\u00e9m?<\/p>\n\n\n\n<p>Quem \u00e9 que quando um filho lhe pede p\u00e3o, oferece pedras?<\/p>\n\n\n\n<p>Por que fareis tantas diferen\u00e7as e usais de tanto\npreconceito para com o vosso pr\u00f3ximo? <\/p>\n\n\n\n<p>N\u00e3o sois melhores do que as outras pessoas!<\/p>\n\n\n\n<p>\u00c9 preciso que vos supereis a v\u00f3s mesmos, deixando para tr\u00e1s\no homem velho e enganado, cheio de orgulho e vaidades, sendo melhores hoje do\nque fostes at\u00e9 ontem, para que o futuro vos encontre renovados e bons.<\/p>\n\n\n\n<p>Basta para isso que sejais capazes de entender e de seguir a\nLi\u00e7\u00e3o Maior de Jesus.<\/p>\n\n\n\n<p>\u201cAmai-vos uns aos outros, como eu vos amei!\u201d<\/p>\n","protected":false},"excerpt":{"rendered":"<p>Verdade e Luz Meus filhos muito amados, que as ben\u00e7\u00e3os do Mundo Maior recaiam sobre v\u00f3s, com a presen\u00e7a de Jesus iluminando o vosso caminho. \u201cSois Crist\u00e3os?\u201d Professais f\u00e9 nos ensinamentos de Jesus, mas eu vos pergunto: &#8211; Tendes sempre seguido as suas li\u00e7\u00f5es de Amor? Lestes ontem, hoje e antes de ontem os textos [&hellip;]<\/p>\n","protected":false},"author":1,"featured_media":0,"parent":0,"menu_order":0,"comment_status":"closed","ping_status":"closed","template":"","meta":{"zakra_page_container_layout":"customizer","zakra_page_sidebar_layout":"customizer","zakra_remove_content_margin":false,"zakra_sidebar":"customizer","zakra_transparent_header":"customizer","zakra_logo":0,"zakra_main_header_style":"default","zakra_menu_item_color":"","zakra_menu_item_hover_color":"","zakra_menu_item_active_color":"","zakra_menu_active_style":"","zakra_page_header":true,"footnotes":""},"class_list":["post-480","page","type-page","status-publish","hentry"],"_links":{"self":[{"href":"https:\/\/batuirajacarei.com.br\/index.php\/wp-json\/wp\/v2\/pages\/480","targetHints":{"allow":["GET"]}}],"collection":[{"href":"https:\/\/batuirajacarei.com.br\/index.php\/wp-json\/wp\/v2\/pages"}],"about":[{"href":"https:\/\/batuirajacarei.com.br\/index.php\/wp-json\/wp\/v2\/types\/page"}],"author":[{"embeddable":true,"href":"https:\/\/batuirajacarei.com.br\/index.php\/wp-json\/wp\/v2\/users\/1"}],"replies":[{"embeddable":true,"href":"https:\/\/batuirajacarei.com.br\/index.php\/wp-json\/wp\/v2\/comments?post=480"}],"version-history":[{"count":2,"href":"https:\/\/batuirajacarei.com.br\/index.php\/wp-json\/wp\/v2\/pages\/480\/revisions"}],"predecessor-version":[{"id":482,"href":"https:\/\/batuirajacarei.com.br\/index.php\/wp-json\/wp\/v2\/pages\/480\/revisions\/482"}],"wp:attachment":[{"href":"https:\/\/batuirajacarei.com.br\/index.php\/wp-json\/wp\/v2\/media?parent=480"}],"curies":[{"name":"wp","href":"https:\/\/api.w.org\/{rel}","templated":true}]}}