{"id":408,"date":"2020-02-15T11:46:47","date_gmt":"2020-02-15T14:46:47","guid":{"rendered":"https:\/\/batuirajacarei.com.br\/?page_id=408"},"modified":"2020-03-02T11:22:56","modified_gmt":"2020-03-02T14:22:56","slug":"27-12-19-mensagem-i-d","status":"publish","type":"page","link":"https:\/\/batuirajacarei.com.br\/index.php\/27-12-19-mensagem-i-d\/","title":{"rendered":"27\/12\/19 &#8211; Mensagem I.D."},"content":{"rendered":"\n<p>\u201cTempos de Agradecer\u201d<\/p>\n\n\n\n<p>Ventos nos trazem<\/p>\n\n\n\n<p>Tempos novos!<\/p>\n\n\n\n<p>Tempos de paz!<\/p>\n\n\n\n<p>Tempos de Alegria!<\/p>\n\n\n\n<p>Tempos de Amor!<\/p>\n\n\n\n<p>Mas tamb\u00e9m, tempo de responsabilidade, pelos deveres\nassumidos antes da presente encarna\u00e7\u00e3o.<\/p>\n\n\n\n<p>Agradecemos a Deus a d\u00e1diva de estar vivos, nestes tempos em\nque a Ci\u00eancia e a Tecnologia v\u00eam explicar a import\u00e2ncia de se viver a Lei do\nAmor.<\/p>\n\n\n\n<p>E vivendo dentro dos preceitos do Cristo Jesus, que sejamos\nos semeadores da paz e da conc\u00f3rdia, para todos aqueles com quem estamos,\nnestes caminhos para Deus!<\/p>\n","protected":false},"excerpt":{"rendered":"<p>\u201cTempos de Agradecer\u201d Ventos nos trazem Tempos novos! Tempos de paz! Tempos de Alegria! Tempos de Amor! Mas tamb\u00e9m, tempo de responsabilidade, pelos deveres assumidos antes da presente encarna\u00e7\u00e3o. Agradecemos a Deus a d\u00e1diva de estar vivos, nestes tempos em que a Ci\u00eancia e a Tecnologia v\u00eam explicar a import\u00e2ncia de se viver a Lei [&hellip;]<\/p>\n","protected":false},"author":1,"featured_media":0,"parent":0,"menu_order":0,"comment_status":"closed","ping_status":"closed","template":"elementor_header_footer","meta":{"zakra_page_container_layout":"customizer","zakra_page_sidebar_layout":"customizer","zakra_remove_content_margin":false,"zakra_sidebar":"customizer","zakra_transparent_header":"customizer","zakra_logo":0,"zakra_main_header_style":"default","zakra_menu_item_color":"","zakra_menu_item_hover_color":"","zakra_menu_item_active_color":"","zakra_menu_active_style":"","zakra_page_header":true,"footnotes":""},"class_list":["post-408","page","type-page","status-publish","hentry"],"_links":{"self":[{"href":"https:\/\/batuirajacarei.com.br\/index.php\/wp-json\/wp\/v2\/pages\/408","targetHints":{"allow":["GET"]}}],"collection":[{"href":"https:\/\/batuirajacarei.com.br\/index.php\/wp-json\/wp\/v2\/pages"}],"about":[{"href":"https:\/\/batuirajacarei.com.br\/index.php\/wp-json\/wp\/v2\/types\/page"}],"author":[{"embeddable":true,"href":"https:\/\/batuirajacarei.com.br\/index.php\/wp-json\/wp\/v2\/users\/1"}],"replies":[{"embeddable":true,"href":"https:\/\/batuirajacarei.com.br\/index.php\/wp-json\/wp\/v2\/comments?post=408"}],"version-history":[{"count":2,"href":"https:\/\/batuirajacarei.com.br\/index.php\/wp-json\/wp\/v2\/pages\/408\/revisions"}],"predecessor-version":[{"id":415,"href":"https:\/\/batuirajacarei.com.br\/index.php\/wp-json\/wp\/v2\/pages\/408\/revisions\/415"}],"wp:attachment":[{"href":"https:\/\/batuirajacarei.com.br\/index.php\/wp-json\/wp\/v2\/media?parent=408"}],"curies":[{"name":"wp","href":"https:\/\/api.w.org\/{rel}","templated":true}]}}