{"id":406,"date":"2020-02-15T11:46:03","date_gmt":"2020-02-15T14:46:03","guid":{"rendered":"https:\/\/batuirajacarei.com.br\/?page_id=406"},"modified":"2020-02-15T11:46:04","modified_gmt":"2020-02-15T14:46:04","slug":"03-01-20-mensagem-meimei","status":"publish","type":"page","link":"https:\/\/batuirajacarei.com.br\/index.php\/03-01-20-mensagem-meimei\/","title":{"rendered":"03\/01\/20 &#8211; Mensagem Meimei"},"content":{"rendered":"\n<p>Meu Filho,<\/p>\n\n\n\n<p>N\u00e3o te sintas sem paz, sem esperan\u00e7as, nem me digas que a\nvida nada vale, pois que ela \u00e9 a preciosa oportunidade de aprenderes as s\u00e1bias\nli\u00e7\u00f5es da bondade e do amor e de cresceres em busca do Deus que habita cada um\nde n\u00f3s.<\/p>\n\n\n\n<p>Olha para ti mesmo!<\/p>\n\n\n\n<p>Quanta generosidade h\u00e1 em tua alma! Por que a escondes das\ngentes e a encobres com a sombra do azedume que te faz perder o brilho do amor?<\/p>\n\n\n\n<p>Vamos! Desperta para a vida e busca a felicidade todos os\ndias, fazendo felizes os que est\u00e3o ao teu redor!<\/p>\n\n\n\n<p>Agrade\u00e7a ao Sol que brilha todos diariamente e que cumpre a\nsua tarefa de luz, calor e vida!<\/p>\n\n\n\n<p>Agrade\u00e7a a chuva que ameniza o clima e faz as sementes\nbrotarem, florescerem e frutificarem, para que tenhas alimento \u00e0 mesa!<\/p>\n\n\n\n<p>Agradece as flores que enfeitam os campos e os jardins e n\u00e3o\ncobram a beleza e nem o perfume e que, esta\u00e7\u00e3o ap\u00f3s esta\u00e7\u00e3o, tornam a\ndesabrochar!<\/p>\n\n\n\n<p>Agrade\u00e7a o lar que te d\u00e1 abrigo, alimento, cama para o\nrepouso e o sil\u00eancio, para que medites sobre as ben\u00e7\u00e3os que recebes todos os\ndias!<\/p>\n\n\n\n<p>Agrade\u00e7a o amor com que teus pais zelaram, para que te\ntransformasses em um homem de bem!<\/p>\n\n\n\n<p>Agrade\u00e7a o carinho com que teus irm\u00e3os dividiram contigo\ninf\u00e2ncia e juventude, o que te sustenta hoje na tua maioridade!<\/p>\n\n\n\n<p>Agrade\u00e7a o amor da esposa e companheira, que divide contigo\nalegrias e tristezas e que permanece sempre fiel ao teu lado!<\/p>\n\n\n\n<p>Agrade\u00e7a os teus filhos, que s\u00e3o o grande tesouro que Deus\nte colocou nas m\u00e3os, para que os ajudes a cumprirem com responsabilidade e\nalegria os seus deveres. Ajuda-os com amor a serem pessoas de bem!<\/p>\n\n\n\n<p>Agrade\u00e7a a Deus atua vida, como ela \u00e9, e n\u00e3o te acovardes\ndiante das provas da exist\u00eancia!<\/p>\n\n\n\n<p>Acorda! Luta! Preserva! Trabalha! Ama! Transforma a tua vida num hino de Amor ao Criador e segue feliz, deixando atr\u00e1s de ti um rastro de luz!\u00a0\u00a0<\/p>\n","protected":false},"excerpt":{"rendered":"<p>Meu Filho, N\u00e3o te sintas sem paz, sem esperan\u00e7as, nem me digas que a vida nada vale, pois que ela \u00e9 a preciosa oportunidade de aprenderes as s\u00e1bias li\u00e7\u00f5es da bondade e do amor e de cresceres em busca do Deus que habita cada um de n\u00f3s. Olha para ti mesmo! Quanta generosidade h\u00e1 em [&hellip;]<\/p>\n","protected":false},"author":1,"featured_media":0,"parent":0,"menu_order":0,"comment_status":"closed","ping_status":"closed","template":"","meta":{"zakra_page_container_layout":"customizer","zakra_page_sidebar_layout":"customizer","zakra_remove_content_margin":false,"zakra_sidebar":"customizer","zakra_transparent_header":"customizer","zakra_logo":0,"zakra_main_header_style":"default","zakra_menu_item_color":"","zakra_menu_item_hover_color":"","zakra_menu_item_active_color":"","zakra_menu_active_style":"","zakra_page_header":true,"footnotes":""},"class_list":["post-406","page","type-page","status-publish","hentry"],"_links":{"self":[{"href":"https:\/\/batuirajacarei.com.br\/index.php\/wp-json\/wp\/v2\/pages\/406","targetHints":{"allow":["GET"]}}],"collection":[{"href":"https:\/\/batuirajacarei.com.br\/index.php\/wp-json\/wp\/v2\/pages"}],"about":[{"href":"https:\/\/batuirajacarei.com.br\/index.php\/wp-json\/wp\/v2\/types\/page"}],"author":[{"embeddable":true,"href":"https:\/\/batuirajacarei.com.br\/index.php\/wp-json\/wp\/v2\/users\/1"}],"replies":[{"embeddable":true,"href":"https:\/\/batuirajacarei.com.br\/index.php\/wp-json\/wp\/v2\/comments?post=406"}],"version-history":[{"count":1,"href":"https:\/\/batuirajacarei.com.br\/index.php\/wp-json\/wp\/v2\/pages\/406\/revisions"}],"predecessor-version":[{"id":407,"href":"https:\/\/batuirajacarei.com.br\/index.php\/wp-json\/wp\/v2\/pages\/406\/revisions\/407"}],"wp:attachment":[{"href":"https:\/\/batuirajacarei.com.br\/index.php\/wp-json\/wp\/v2\/media?parent=406"}],"curies":[{"name":"wp","href":"https:\/\/api.w.org\/{rel}","templated":true}]}}