{"id":404,"date":"2020-02-15T11:45:22","date_gmt":"2020-02-15T14:45:22","guid":{"rendered":"https:\/\/batuirajacarei.com.br\/?page_id=404"},"modified":"2020-03-02T11:23:00","modified_gmt":"2020-03-02T14:23:00","slug":"27-12-19-mensagem-meimei","status":"publish","type":"page","link":"https:\/\/batuirajacarei.com.br\/index.php\/27-12-19-mensagem-meimei\/","title":{"rendered":"27\/12\/19 &#8211; Mensagem Meimei"},"content":{"rendered":"\n<p>\u201cAgrade\u00e7amos!\u201d<\/p>\n\n\n\n<p>Agrade\u00e7amos hoje a Deus, o ano que se finda e que foi\nve\u00edculo de alegrias, de tristezas, de preocupa\u00e7\u00f5es e de aprendizado.<\/p>\n\n\n\n<p>Sorrimos e sofremos&#8230;<\/p>\n\n\n\n<p>Crescemos!<\/p>\n\n\n\n<p>Se a dor nos visitar a alma, agrade\u00e7amos, pois ela\ncertamente foi li\u00e7\u00e3o valiosa, para o nosso aprimoramento moral!<\/p>\n\n\n\n<p>Se a enfermidade nos visitou o corpo, agrade\u00e7amos, pois que\ncertamente aprendemos a valorizar a sa\u00fade!<\/p>\n\n\n\n<p>Se o dinheiro foi escasso, agrade\u00e7amos, pois certamente\naprendemos que tesouros mais valiosos s\u00e3o os da alma e do cora\u00e7\u00e3o!<\/p>\n\n\n\n<p>Se os que amamos se afastaram de n\u00f3s, agrade\u00e7amos o tempo em\nque estivemos juntos!<\/p>\n\n\n\n<p>Agrade\u00e7amos a Deus a d\u00e1diva da vida, a luz do entendimento e\na pa que hoje sentimos no cora\u00e7\u00e3o!<\/p>\n","protected":false},"excerpt":{"rendered":"<p>\u201cAgrade\u00e7amos!\u201d Agrade\u00e7amos hoje a Deus, o ano que se finda e que foi ve\u00edculo de alegrias, de tristezas, de preocupa\u00e7\u00f5es e de aprendizado. Sorrimos e sofremos&#8230; Crescemos! Se a dor nos visitar a alma, agrade\u00e7amos, pois ela certamente foi li\u00e7\u00e3o valiosa, para o nosso aprimoramento moral! Se a enfermidade nos visitou o corpo, agrade\u00e7amos, pois [&hellip;]<\/p>\n","protected":false},"author":1,"featured_media":0,"parent":0,"menu_order":0,"comment_status":"closed","ping_status":"closed","template":"elementor_header_footer","meta":{"zakra_page_container_layout":"customizer","zakra_page_sidebar_layout":"customizer","zakra_remove_content_margin":false,"zakra_sidebar":"customizer","zakra_transparent_header":"customizer","zakra_logo":0,"zakra_main_header_style":"default","zakra_menu_item_color":"","zakra_menu_item_hover_color":"","zakra_menu_item_active_color":"","zakra_menu_active_style":"","zakra_page_header":true,"footnotes":""},"class_list":["post-404","page","type-page","status-publish","hentry"],"_links":{"self":[{"href":"https:\/\/batuirajacarei.com.br\/index.php\/wp-json\/wp\/v2\/pages\/404","targetHints":{"allow":["GET"]}}],"collection":[{"href":"https:\/\/batuirajacarei.com.br\/index.php\/wp-json\/wp\/v2\/pages"}],"about":[{"href":"https:\/\/batuirajacarei.com.br\/index.php\/wp-json\/wp\/v2\/types\/page"}],"author":[{"embeddable":true,"href":"https:\/\/batuirajacarei.com.br\/index.php\/wp-json\/wp\/v2\/users\/1"}],"replies":[{"embeddable":true,"href":"https:\/\/batuirajacarei.com.br\/index.php\/wp-json\/wp\/v2\/comments?post=404"}],"version-history":[{"count":1,"href":"https:\/\/batuirajacarei.com.br\/index.php\/wp-json\/wp\/v2\/pages\/404\/revisions"}],"predecessor-version":[{"id":405,"href":"https:\/\/batuirajacarei.com.br\/index.php\/wp-json\/wp\/v2\/pages\/404\/revisions\/405"}],"wp:attachment":[{"href":"https:\/\/batuirajacarei.com.br\/index.php\/wp-json\/wp\/v2\/media?parent=404"}],"curies":[{"name":"wp","href":"https:\/\/api.w.org\/{rel}","templated":true}]}}