{"id":397,"date":"2020-02-15T11:41:02","date_gmt":"2020-02-15T14:41:02","guid":{"rendered":"https:\/\/batuirajacarei.com.br\/?page_id=397"},"modified":"2020-03-02T11:22:39","modified_gmt":"2020-03-02T14:22:39","slug":"03-01-20-mensagem","status":"publish","type":"page","link":"https:\/\/batuirajacarei.com.br\/index.php\/03-01-20-mensagem\/","title":{"rendered":"03\/01\/20 &#8211; Mensagem Batu\u00edra"},"content":{"rendered":"\n<p>Filhos amados do meu cora\u00e7\u00e3o, que as b\u00ean\u00e7\u00e3os de Jesus recaiam\nsobre todos v\u00f3s, acalmando as vossas dores e aben\u00e7oando os vossos anseios de\nser bons e generosos consoantes os seus luminosos Ensinamentos de Amor!<\/p>\n\n\n\n<p>\u201cLi\u00e7\u00f5es\u201d<\/p>\n\n\n\n<p>Avida, meus filhos, nos traz todas as li\u00e7\u00f5es que ainda\nprecisamos aprender e consolidar em nosso esp\u00edrito, caminheiro do infinito.<\/p>\n\n\n\n<p>Estejamos atentos a cada li\u00e7\u00e3o, tirando sabiamente o\nensinamento que ela nos traz.<\/p>\n\n\n\n<p>Muitas vezes a enfermidade por nos mostrar que precisamos\ndar mais valor aos dons da sa\u00fade do corpo, pois com sa\u00fade que ser\u00e1 mais f\u00e1cil cumprir\nos nossos deveres.<\/p>\n\n\n\n<p>Outras vezes o pouco dinheiro nos ajuda a valorizar o que\ntemos material e espiritualmente, livrando-nos de excessos que poder\u00edamos\ncometer, se ele n\u00e3o nos faltasse.<\/p>\n\n\n\n<p>Por vezes o desemprego e as necessidades de autoconfirma\u00e7\u00e3o v\u00eam para nos mostrar, que precisamos cultivar mais humildade todos os dias. Que n\u00e3o somos melhores do que os outros e que precisamos ir \u00e0 luta, batalhando pelos nossos sonhos para que o nosso ideal nobre se concretize.<\/p>\n\n\n\n<p>Outras vezes, sofremos o desprezo dos nossos semelhantes,\npara que aprendamos que \u00e9 preciso respeitar as pessoas, se desejamos ser\nrespeitados por elas.<\/p>\n\n\n\n<p>Quando nos sentimos mal amados, precisamos rever o nosso\nconceito de Amor. Ser\u00e1 que temos amado aqueles est\u00e3o conosco a caminho? Somos\nsempre gentis, amorosos e fraternos, compreendendo e aceitando os outros como\ns\u00e3o?<\/p>\n\n\n\n<p>Certamente, precisamos abrir as portas da alma amando os\nnossos semelhantes para que possamos nos sentir amados tamb\u00e9m.<\/p>\n\n\n\n<p>&nbsp;E para esse Novo Ano\na se iniciar eu vos convido, meus filhos, a desarmar o esp\u00edrito, n\u00e3o mais vos\nsentindo v\u00edtimas da sorte ou esquecidos por Deus. Apenas estais vivendo a\nEscola da Vida e vos rogo: &#8211; aplica-vos com coragem e perseveran\u00e7a, a seguir as\nli\u00e7\u00f5es da exist\u00eancia, para que livres possais, enfim, fruir da felicidade que\nsentem os justos e bons!<\/p>\n","protected":false},"excerpt":{"rendered":"<p>Filhos amados do meu cora\u00e7\u00e3o, que as b\u00ean\u00e7\u00e3os de Jesus recaiam sobre todos v\u00f3s, acalmando as vossas dores e aben\u00e7oando os vossos anseios de ser bons e generosos consoantes os seus luminosos Ensinamentos de Amor! \u201cLi\u00e7\u00f5es\u201d Avida, meus filhos, nos traz todas as li\u00e7\u00f5es que ainda precisamos aprender e consolidar em nosso esp\u00edrito, caminheiro do [&hellip;]<\/p>\n","protected":false},"author":1,"featured_media":0,"parent":0,"menu_order":0,"comment_status":"closed","ping_status":"closed","template":"elementor_header_footer","meta":{"zakra_page_container_layout":"customizer","zakra_page_sidebar_layout":"customizer","zakra_remove_content_margin":false,"zakra_sidebar":"customizer","zakra_transparent_header":"customizer","zakra_logo":0,"zakra_main_header_style":"default","zakra_menu_item_color":"","zakra_menu_item_hover_color":"","zakra_menu_item_active_color":"","zakra_menu_active_style":"","zakra_page_header":true,"footnotes":""},"class_list":["post-397","page","type-page","status-publish","hentry"],"_links":{"self":[{"href":"https:\/\/batuirajacarei.com.br\/index.php\/wp-json\/wp\/v2\/pages\/397","targetHints":{"allow":["GET"]}}],"collection":[{"href":"https:\/\/batuirajacarei.com.br\/index.php\/wp-json\/wp\/v2\/pages"}],"about":[{"href":"https:\/\/batuirajacarei.com.br\/index.php\/wp-json\/wp\/v2\/types\/page"}],"author":[{"embeddable":true,"href":"https:\/\/batuirajacarei.com.br\/index.php\/wp-json\/wp\/v2\/users\/1"}],"replies":[{"embeddable":true,"href":"https:\/\/batuirajacarei.com.br\/index.php\/wp-json\/wp\/v2\/comments?post=397"}],"version-history":[{"count":4,"href":"https:\/\/batuirajacarei.com.br\/index.php\/wp-json\/wp\/v2\/pages\/397\/revisions"}],"predecessor-version":[{"id":410,"href":"https:\/\/batuirajacarei.com.br\/index.php\/wp-json\/wp\/v2\/pages\/397\/revisions\/410"}],"wp:attachment":[{"href":"https:\/\/batuirajacarei.com.br\/index.php\/wp-json\/wp\/v2\/media?parent=397"}],"curies":[{"name":"wp","href":"https:\/\/api.w.org\/{rel}","templated":true}]}}