{"id":395,"date":"2020-02-15T11:40:40","date_gmt":"2020-02-15T14:40:40","guid":{"rendered":"https:\/\/batuirajacarei.com.br\/?page_id=395"},"modified":"2020-03-02T11:22:52","modified_gmt":"2020-03-02T14:22:52","slug":"27-12-19-mensagem","status":"publish","type":"page","link":"https:\/\/batuirajacarei.com.br\/index.php\/27-12-19-mensagem\/","title":{"rendered":"27\/12\/19 &#8211; Mensagem Batu\u00edra"},"content":{"rendered":"\n<p>Meus amados filhos, o senhor da vida vos aben\u00e7oe os passos e\nvos ajude a perseverar, nos caminhos do Bem.<\/p>\n\n\n\n<p>\u201cPerante os Novos Tempos\u201d<\/p>\n\n\n\n<p>Novos tempos est\u00e3o por vir, e \u00e9 preciso que o homem se conscientize\nde que a grande mudan\u00e7a esperada deve come\u00e7ar nele mesmo e nas escolhas para\nsua vida.<\/p>\n\n\n\n<p>Nessa \u00e9poca, muitos se vestem de branco, mas esquecem que o\nbranco tem que vestir a alma, pela pureza dos sentimentos e de pensamentos e\npela const\u00e2ncia de uma conduta mais elevada, consoante os princ\u00edpios da Lei de\nAmor.<\/p>\n\n\n\n<p>Muitos fazem promessas de transforma\u00e7\u00e3o, mas se esquecem que\n\u00e9 transformar sentimentos de rancor e de inveja em generosidade, em compaix\u00e3o.<\/p>\n\n\n\n<p>Outros pensam em dinheiro e at\u00e9 fazem preces pedindo riqueza\nmaterial, quando a verdadeira riqueza \u00e9 a dos sentimentos que enobrece a alma.<\/p>\n\n\n\n<p>Que o ano vindouro vos encontre, realmente, transformados,\nmudando a cada dia a vossa pr\u00f3pria natureza, deixando de lado os sentimentos\ninferiores de ci\u00fames, de malevol\u00eancia e raivas descabidas, de revoltas, desejos\nque levam \u00e0 tristeza e \u00e0 dor, trocando o medo, a ang\u00fastia, o \u00f3dio, a ansiedade\npor uma f\u00e9 ilimitada na Bondade de Deus, transformando cada sentimento\ndestrutivo em Amor.<\/p>\n\n\n\n<p>E se algum dia achardes que ainda, gerais sofrimentos,\natrav\u00e9s de vossas atitudes para com o pr\u00f3ximo, aconselho-vos a dedicar-lhes\nmais e mais Amor!<\/p>\n\n\n\n<p>Feliz Ano Novo!<\/p>\n","protected":false},"excerpt":{"rendered":"<p>Meus amados filhos, o senhor da vida vos aben\u00e7oe os passos e vos ajude a perseverar, nos caminhos do Bem. \u201cPerante os Novos Tempos\u201d Novos tempos est\u00e3o por vir, e \u00e9 preciso que o homem se conscientize de que a grande mudan\u00e7a esperada deve come\u00e7ar nele mesmo e nas escolhas para sua vida. Nessa \u00e9poca, [&hellip;]<\/p>\n","protected":false},"author":1,"featured_media":0,"parent":0,"menu_order":0,"comment_status":"closed","ping_status":"closed","template":"elementor_header_footer","meta":{"zakra_page_container_layout":"customizer","zakra_page_sidebar_layout":"customizer","zakra_remove_content_margin":false,"zakra_sidebar":"customizer","zakra_transparent_header":"customizer","zakra_logo":0,"zakra_main_header_style":"default","zakra_menu_item_color":"","zakra_menu_item_hover_color":"","zakra_menu_item_active_color":"","zakra_menu_active_style":"","zakra_page_header":true,"footnotes":""},"class_list":["post-395","page","type-page","status-publish","hentry"],"_links":{"self":[{"href":"https:\/\/batuirajacarei.com.br\/index.php\/wp-json\/wp\/v2\/pages\/395","targetHints":{"allow":["GET"]}}],"collection":[{"href":"https:\/\/batuirajacarei.com.br\/index.php\/wp-json\/wp\/v2\/pages"}],"about":[{"href":"https:\/\/batuirajacarei.com.br\/index.php\/wp-json\/wp\/v2\/types\/page"}],"author":[{"embeddable":true,"href":"https:\/\/batuirajacarei.com.br\/index.php\/wp-json\/wp\/v2\/users\/1"}],"replies":[{"embeddable":true,"href":"https:\/\/batuirajacarei.com.br\/index.php\/wp-json\/wp\/v2\/comments?post=395"}],"version-history":[{"count":3,"href":"https:\/\/batuirajacarei.com.br\/index.php\/wp-json\/wp\/v2\/pages\/395\/revisions"}],"predecessor-version":[{"id":411,"href":"https:\/\/batuirajacarei.com.br\/index.php\/wp-json\/wp\/v2\/pages\/395\/revisions\/411"}],"wp:attachment":[{"href":"https:\/\/batuirajacarei.com.br\/index.php\/wp-json\/wp\/v2\/media?parent=395"}],"curies":[{"name":"wp","href":"https:\/\/api.w.org\/{rel}","templated":true}]}}