{"id":3130,"date":"2026-04-15T22:22:31","date_gmt":"2026-04-16T01:22:31","guid":{"rendered":"https:\/\/batuirajacarei.com.br\/?page_id=3130"},"modified":"2026-04-15T22:38:54","modified_gmt":"2026-04-16T01:38:54","slug":"2025-2","status":"publish","type":"page","link":"https:\/\/batuirajacarei.com.br\/index.php\/2025-2\/","title":{"rendered":"2025"},"content":{"rendered":"\t\t<div data-elementor-type=\"wp-page\" data-elementor-id=\"3130\" class=\"elementor elementor-3130\" data-elementor-post-type=\"page\">\n\t\t\t\t\t\t<section class=\"elementor-section elementor-top-section elementor-element elementor-element-d3f7d3d elementor-section-boxed elementor-section-height-default elementor-section-height-default\" data-id=\"d3f7d3d\" data-element_type=\"section\" data-e-type=\"section\">\n\t\t\t\t\t\t<div class=\"elementor-container elementor-column-gap-default\">\n\t\t\t\t\t<div class=\"elementor-column elementor-col-100 elementor-top-column elementor-element elementor-element-e128c83\" data-id=\"e128c83\" data-element_type=\"column\" data-e-type=\"column\">\n\t\t\t<div class=\"elementor-widget-wrap elementor-element-populated\">\n\t\t\t\t\t\t<div class=\"elementor-element elementor-element-c7bdb1e elementor-widget elementor-widget-html\" data-id=\"c7bdb1e\" data-element_type=\"widget\" data-e-type=\"widget\" data-widget_type=\"html.default\">\n\t\t\t\t<div class=\"elementor-widget-container\">\n\t\t\t\t\t\n<table id=\"tablepress-7\" class=\"tablepress tablepress-id-7 alinhar-direita\">\n<thead>\n<tr class=\"row-1\">\n\t<th class=\"column-1\">A\u00c7\u00c3O<\/th><th class=\"column-2\">QTDE<\/th>\n<\/tr>\n<\/thead>\n<tbody class=\"row-striping row-hover\">\n<tr class=\"row-2\">\n\t<td class=\"column-1\">Gestantes atendidas<\/td><td class=\"column-2\">119<\/td>\n<\/tr>\n<tr class=\"row-3\">\n\t<td class=\"column-1\">Beb\u00eas nascidos<\/td><td class=\"column-2\">57<\/td>\n<\/tr>\n<tr class=\"row-4\">\n\t<td class=\"column-1\">Beb\u00eas no ber\u00e7\u00e1rio<\/td><td class=\"column-2\">679<\/td>\n<\/tr>\n<tr class=\"row-5\">\n\t<td class=\"column-1\">Crian\u00e7as de 2 a 5 anos<\/td><td class=\"column-2\">394<\/td>\n<\/tr>\n<tr class=\"row-6\">\n\t<td class=\"column-1\">Vale Transporte (atrav\u00e9s de presen\u00e7a em sala de aula) e Uber (R$)<\/td><td class=\"column-2\">17.455,00<\/td>\n<\/tr>\n<tr class=\"row-7\">\n\t<td class=\"column-1\">Alimentos distribu\u00eddos (kg)<\/td><td class=\"column-2\">6.324<\/td>\n<\/tr>\n<tr class=\"row-8\">\n\t<td class=\"column-1\">Cestas B\u00e1sicas (unidades)<\/td><td class=\"column-2\">527<\/td>\n<\/tr>\n<tr class=\"row-9\">\n\t<td class=\"column-1\">Enxovais de Beb\u00ea (pe\u00e7as)<\/td><td class=\"column-2\">57<\/td>\n<\/tr>\n<tr class=\"row-10\">\n\t<td class=\"column-1\">Kit Maternidade<\/td><td class=\"column-2\">54<\/td>\n<\/tr>\n<tr class=\"row-11\">\n\t<td class=\"column-1\">Sacolas de Natal\u00a0(enxoval)<\/td><td class=\"column-2\">25<\/td>\n<\/tr>\n<tr class=\"row-12\">\n\t<td class=\"column-1\">Sacolas de Natal\u00a0(roupas, cal\u00e7ados e brinquedos novos) - at\u00e9 12 anos<\/td><td class=\"column-2\">96<\/td>\n<\/tr>\n<tr class=\"row-13\">\n\t<td class=\"column-1\">Cobertores distribu\u00eddos<br \/>\n<\/td><td class=\"column-2\">119<\/td>\n<\/tr>\n<\/tbody>\n<\/table>\n<!-- #tablepress-7 from cache -->\t\t\t\t<\/div>\n\t\t\t\t<\/div>\n\t\t\t\t\t<\/div>\n\t\t<\/div>\n\t\t\t\t\t<\/div>\n\t\t<\/section>\n\t\t\t\t<section class=\"elementor-section elementor-top-section elementor-element elementor-element-9da07fa elementor-section-boxed elementor-section-height-default elementor-section-height-default\" data-id=\"9da07fa\" data-element_type=\"section\" data-e-type=\"section\">\n\t\t\t\t\t\t<div class=\"elementor-container elementor-column-gap-default\">\n\t\t\t\t\t<div class=\"elementor-column elementor-col-100 elementor-top-column elementor-element elementor-element-501f811\" data-id=\"501f811\" data-element_type=\"column\" data-e-type=\"column\">\n\t\t\t<div class=\"elementor-widget-wrap elementor-element-populated\">\n\t\t\t\t\t\t<div class=\"elementor-element elementor-element-8b6aeed elementor-widget elementor-widget-heading\" data-id=\"8b6aeed\" data-element_type=\"widget\" data-e-type=\"widget\" data-widget_type=\"heading.default\">\n\t\t\t\t<div class=\"elementor-widget-container\">\n\t\t\t\t\t<h2 class=\"elementor-heading-title elementor-size-medium\">SIGA NOSSAS REDES SOCIAIS:<\/h2>\t\t\t\t<\/div>\n\t\t\t\t<\/div>\n\t\t\t\t\t<\/div>\n\t\t<\/div>\n\t\t\t\t\t<\/div>\n\t\t<\/section>\n\t\t\t\t<section class=\"elementor-section elementor-top-section elementor-element elementor-element-63bc535 elementor-section-boxed elementor-section-height-default elementor-section-height-default\" data-id=\"63bc535\" data-element_type=\"section\" data-e-type=\"section\">\n\t\t\t\t\t\t<div class=\"elementor-container elementor-column-gap-default\">\n\t\t\t\t\t<div class=\"elementor-column elementor-col-100 elementor-top-column elementor-element elementor-element-872cc36\" data-id=\"872cc36\" data-element_type=\"column\" data-e-type=\"column\">\n\t\t\t<div class=\"elementor-widget-wrap elementor-element-populated\">\n\t\t\t\t\t\t<div class=\"elementor-element elementor-element-eb5e1fc elementor-shape-rounded elementor-grid-0 e-grid-align-center elementor-widget elementor-widget-social-icons\" data-id=\"eb5e1fc\" data-element_type=\"widget\" data-e-type=\"widget\" data-widget_type=\"social-icons.default\">\n\t\t\t\t<div class=\"elementor-widget-container\">\n\t\t\t\t\t\t\t<div class=\"elementor-social-icons-wrapper elementor-grid\" role=\"list\">\n\t\t\t\t\t\t\t<span class=\"elementor-grid-item\" role=\"listitem\">\n\t\t\t\t\t<a class=\"elementor-icon elementor-social-icon elementor-social-icon-facebook elementor-repeater-item-5722f66\" href=\"https:\/\/facebook.com\/batuiraamparaasgestantesdejacarei\" target=\"_blank\">\n\t\t\t\t\t\t<span class=\"elementor-screen-only\">Facebook<\/span>\n\t\t\t\t\t\t<i aria-hidden=\"true\" class=\"fab fa-facebook\"><\/i>\t\t\t\t\t<\/a>\n\t\t\t\t<\/span>\n\t\t\t\t\t\t\t<span class=\"elementor-grid-item\" role=\"listitem\">\n\t\t\t\t\t<a class=\"elementor-icon elementor-social-icon elementor-social-icon-instagram elementor-repeater-item-6058001\" href=\"https:\/\/instagram.com\/batuiraprojetorenascer\" target=\"_blank\">\n\t\t\t\t\t\t<span class=\"elementor-screen-only\">Instagram<\/span>\n\t\t\t\t\t\t<i aria-hidden=\"true\" class=\"fab fa-instagram\"><\/i>\t\t\t\t\t<\/a>\n\t\t\t\t<\/span>\n\t\t\t\t\t<\/div>\n\t\t\t\t\t\t<\/div>\n\t\t\t\t<\/div>\n\t\t\t\t\t<\/div>\n\t\t<\/div>\n\t\t\t\t\t<\/div>\n\t\t<\/section>\n\t\t\t\t<section class=\"elementor-section elementor-top-section elementor-element elementor-element-4f669fc elementor-section-boxed elementor-section-height-default elementor-section-height-default\" data-id=\"4f669fc\" data-element_type=\"section\" data-e-type=\"section\">\n\t\t\t\t\t\t<div class=\"elementor-container elementor-column-gap-default\">\n\t\t\t\t\t<div class=\"elementor-column elementor-col-100 elementor-top-column elementor-element elementor-element-536ca70\" data-id=\"536ca70\" data-element_type=\"column\" data-e-type=\"column\">\n\t\t\t<div class=\"elementor-widget-wrap elementor-element-populated\">\n\t\t\t\t\t\t<div class=\"elementor-element elementor-element-6c95ae0 elementor-widget elementor-widget-spacer\" data-id=\"6c95ae0\" data-element_type=\"widget\" data-e-type=\"widget\" data-widget_type=\"spacer.default\">\n\t\t\t\t<div class=\"elementor-widget-container\">\n\t\t\t\t\t\t\t<div class=\"elementor-spacer\">\n\t\t\t<div class=\"elementor-spacer-inner\"><\/div>\n\t\t<\/div>\n\t\t\t\t\t\t<\/div>\n\t\t\t\t<\/div>\n\t\t\t\t\t<\/div>\n\t\t<\/div>\n\t\t\t\t\t<\/div>\n\t\t<\/section>\n\t\t\t\t<\/div>\n\t\t","protected":false},"excerpt":{"rendered":"<p>SIGA NOSSAS REDES SOCIAIS: Facebook Instagram<\/p>\n","protected":false},"author":5,"featured_media":0,"parent":0,"menu_order":0,"comment_status":"closed","ping_status":"closed","template":"elementor_header_footer","meta":{"zakra_page_container_layout":"customizer","zakra_page_sidebar_layout":"customizer","zakra_remove_content_margin":false,"zakra_sidebar":"customizer","zakra_transparent_header":"customizer","zakra_logo":0,"zakra_main_header_style":"default","zakra_menu_item_color":"","zakra_menu_item_hover_color":"","zakra_menu_item_active_color":"","zakra_menu_active_style":"","zakra_page_header":true,"footnotes":""},"class_list":["post-3130","page","type-page","status-publish","hentry"],"_links":{"self":[{"href":"https:\/\/batuirajacarei.com.br\/index.php\/wp-json\/wp\/v2\/pages\/3130","targetHints":{"allow":["GET"]}}],"collection":[{"href":"https:\/\/batuirajacarei.com.br\/index.php\/wp-json\/wp\/v2\/pages"}],"about":[{"href":"https:\/\/batuirajacarei.com.br\/index.php\/wp-json\/wp\/v2\/types\/page"}],"author":[{"embeddable":true,"href":"https:\/\/batuirajacarei.com.br\/index.php\/wp-json\/wp\/v2\/users\/5"}],"replies":[{"embeddable":true,"href":"https:\/\/batuirajacarei.com.br\/index.php\/wp-json\/wp\/v2\/comments?post=3130"}],"version-history":[{"count":4,"href":"https:\/\/batuirajacarei.com.br\/index.php\/wp-json\/wp\/v2\/pages\/3130\/revisions"}],"predecessor-version":[{"id":3136,"href":"https:\/\/batuirajacarei.com.br\/index.php\/wp-json\/wp\/v2\/pages\/3130\/revisions\/3136"}],"wp:attachment":[{"href":"https:\/\/batuirajacarei.com.br\/index.php\/wp-json\/wp\/v2\/media?parent=3130"}],"curies":[{"name":"wp","href":"https:\/\/api.w.org\/{rel}","templated":true}]}}