{"id":2934,"date":"2025-08-05T23:20:02","date_gmt":"2025-08-06T02:20:02","guid":{"rendered":"https:\/\/batuirajacarei.com.br\/?page_id=2934"},"modified":"2025-08-08T16:08:55","modified_gmt":"2025-08-08T19:08:55","slug":"pbde-2025","status":"publish","type":"page","link":"https:\/\/batuirajacarei.com.br\/index.php\/pbde-2025\/","title":{"rendered":"PBDE 2025"},"content":{"rendered":"\t\t<div data-elementor-type=\"wp-page\" data-elementor-id=\"2934\" class=\"elementor elementor-2934\" data-elementor-post-type=\"page\">\n\t\t\t\t\t\t<section class=\"elementor-section elementor-top-section elementor-element elementor-element-d7643bf elementor-section-boxed elementor-section-height-default elementor-section-height-default\" data-id=\"d7643bf\" data-element_type=\"section\" data-e-type=\"section\">\n\t\t\t\t\t\t<div class=\"elementor-container elementor-column-gap-default\">\n\t\t\t\t\t<div class=\"elementor-column elementor-col-100 elementor-top-column elementor-element elementor-element-9e5ee73\" data-id=\"9e5ee73\" data-element_type=\"column\" data-e-type=\"column\">\n\t\t\t<div class=\"elementor-widget-wrap elementor-element-populated\">\n\t\t\t\t\t\t<div class=\"elementor-element elementor-element-db27289 elementor-widget elementor-widget-image\" data-id=\"db27289\" data-element_type=\"widget\" data-e-type=\"widget\" data-widget_type=\"image.default\">\n\t\t\t\t<div class=\"elementor-widget-container\">\n\t\t\t\t\t\t\t\t\t\t\t\t\t\t\t<img fetchpriority=\"high\" decoding=\"async\" width=\"1584\" height=\"396\" src=\"https:\/\/batuirajacarei.com.br\/wp-content\/uploads\/2025\/08\/Programa-Basico-de-Doutrina-Espirita.jpg\" class=\"attachment-2048x2048 size-2048x2048 wp-image-2937\" alt=\"\" srcset=\"https:\/\/batuirajacarei.com.br\/wp-content\/uploads\/2025\/08\/Programa-Basico-de-Doutrina-Espirita.jpg 1584w, https:\/\/batuirajacarei.com.br\/wp-content\/uploads\/2025\/08\/Programa-Basico-de-Doutrina-Espirita-600x150.jpg 600w, https:\/\/batuirajacarei.com.br\/wp-content\/uploads\/2025\/08\/Programa-Basico-de-Doutrina-Espirita-300x75.jpg 300w, https:\/\/batuirajacarei.com.br\/wp-content\/uploads\/2025\/08\/Programa-Basico-de-Doutrina-Espirita-1024x256.jpg 1024w, https:\/\/batuirajacarei.com.br\/wp-content\/uploads\/2025\/08\/Programa-Basico-de-Doutrina-Espirita-768x192.jpg 768w, https:\/\/batuirajacarei.com.br\/wp-content\/uploads\/2025\/08\/Programa-Basico-de-Doutrina-Espirita-1536x384.jpg 1536w\" sizes=\"(max-width: 1584px) 100vw, 1584px\" \/>\t\t\t\t\t\t\t\t\t\t\t\t\t\t\t<\/div>\n\t\t\t\t<\/div>\n\t\t\t\t\t<\/div>\n\t\t<\/div>\n\t\t\t\t\t<\/div>\n\t\t<\/section>\n\t\t\t\t<section class=\"elementor-section elementor-top-section elementor-element elementor-element-13113d0 elementor-section-boxed elementor-section-height-default elementor-section-height-default\" data-id=\"13113d0\" data-element_type=\"section\" data-e-type=\"section\">\n\t\t\t\t\t\t<div class=\"elementor-container elementor-column-gap-default\">\n\t\t\t\t\t<div class=\"elementor-column elementor-col-100 elementor-top-column elementor-element elementor-element-f91dd65\" data-id=\"f91dd65\" data-element_type=\"column\" data-e-type=\"column\">\n\t\t\t<div class=\"elementor-widget-wrap elementor-element-populated\">\n\t\t\t\t\t\t<div class=\"elementor-element elementor-element-cc6e997 elementor-widget__width-initial elementor-widget elementor-widget-text-editor\" data-id=\"cc6e997\" data-element_type=\"widget\" data-e-type=\"widget\" data-widget_type=\"text-editor.default\">\n\t\t\t\t<div class=\"elementor-widget-container\">\n\t\t\t\t\t\t\t\t\t<p><strong>O que \u00e9 o PBDE \u2013 Programa B\u00e1sico da Doutrina Esp\u00edrita?<br \/><\/strong><br \/>O PBDE (Programa B\u00e1sico da Doutrina Esp\u00edrita) \u00e9 um curso introdut\u00f3rio \u00e0 Doutrina Esp\u00edrita, destinado a todos que desejam compreender os princ\u00edpios fundamentais do Espiritismo.<\/p><p>Aberto a iniciantes e a quem j\u00e1 possui algum conhecimento da Doutrina Esp\u00edrita, o PBDE \u00e9 um convite ao autoconhecimento, \u00e0 reflex\u00e3o e viv\u00eancia dos ensinamentos de Jesus. \u00c9 tamb\u00e9m a forma\u00e7\u00e3o inicial para quem deseja atuar como trabalhador em casas esp\u00edritas.<\/p><p><strong>Como ser\u00e1 o curso?<\/strong><\/p><p>O curso ser\u00e1 composto por dez unidades, abordando a import\u00e2ncia do estudo e do conhecimento doutrin\u00e1rio como prepara\u00e7\u00e3o para o futuro Curso de Orienta\u00e7\u00e3o e Educa\u00e7\u00e3o Medi\u00fanica. Voc\u00ea ter\u00e1 as seguintes atividades:<\/p><ul><li>Estudo dos princ\u00edpios esp\u00edritas (Deus, alma, reencarna\u00e7\u00e3o, comunica\u00e7\u00e3o espiritual);<\/li><li>Leitura e estudo do livro: O problema do ser, do Destino e da Dor&#8221; &#8211; Le\u00f3n Denis;<\/li><li>Atividades pr\u00e1ticas.<\/li><\/ul><p><strong>Quando acontece?<\/strong><\/p><ul><li>Todas as sextas-feiras das 19h30 \u00e0s 21h00<\/li><li>In\u00edcio: 05 de setembro de 2025<\/li><li>T\u00e9rmino: 04 de setembro de 2026<\/li><li>O curso ser\u00e1 realizado na sede da Fraternidade Esp\u00edrita Crist\u00e3 Batu\u00edra.<\/li><\/ul><p><strong>Como se inscrever?<\/strong><\/p><p>Voc\u00ea pode se inscrever de duas formas:<\/p><ul><li>Online:\u00a0<strong><span style=\"text-decoration: underline;\"><a href=\"https:\/\/forms.gle\/i6XERkLpxCfjwwx67\" target=\"_blank\" rel=\"noopener\">Clique\u00a0<\/a><a href=\"https:\/\/docs.google.com\/forms\/d\/e\/1FAIpQLScQHBHEJiqBT7iX2TZL3Rd2osb1VBijqlm_wo5Ct-VlQk7E3w\/viewform\">aqui<\/a> <\/span><\/strong>para preencher o formul\u00e1rio de inscri\u00e7\u00e3o<\/li><li>\u00a0Na Livraria da Fraternidade: \u00c0s quartas-feiras, a partir das 19h.<\/li><\/ul>\t\t\t\t\t\t\t\t<\/div>\n\t\t\t\t<\/div>\n\t\t\t\t\t<\/div>\n\t\t<\/div>\n\t\t\t\t\t<\/div>\n\t\t<\/section>\n\t\t\t\t<section class=\"elementor-section elementor-top-section elementor-element elementor-element-efa583e elementor-section-boxed elementor-section-height-default elementor-section-height-default\" data-id=\"efa583e\" data-element_type=\"section\" data-e-type=\"section\">\n\t\t\t\t\t\t<div class=\"elementor-container elementor-column-gap-default\">\n\t\t\t\t\t<div class=\"elementor-column elementor-col-50 elementor-top-column elementor-element elementor-element-6e5eed8\" data-id=\"6e5eed8\" data-element_type=\"column\" data-e-type=\"column\">\n\t\t\t<div class=\"elementor-widget-wrap elementor-element-populated\">\n\t\t\t\t\t\t<div class=\"elementor-element elementor-element-5c0e255 elementor-align-center elementor-widget elementor-widget-button\" data-id=\"5c0e255\" data-element_type=\"widget\" data-e-type=\"widget\" data-widget_type=\"button.default\">\n\t\t\t\t<div class=\"elementor-widget-container\">\n\t\t\t\t\t\t\t\t\t<div class=\"elementor-button-wrapper\">\n\t\t\t\t\t<a class=\"elementor-button elementor-button-link elementor-size-sm\" href=\"https:\/\/forms.gle\/i6XERkLpxCfjwwx67\">\n\t\t\t\t\t\t<span class=\"elementor-button-content-wrapper\">\n\t\t\t\t\t\t<span class=\"elementor-button-icon\">\n\t\t\t\t<i aria-hidden=\"true\" class=\"far fa-comment-dots\"><\/i>\t\t\t<\/span>\n\t\t\t\t\t\t\t\t\t<span class=\"elementor-button-text\">Fa\u00e7a sua inscri\u00e7\u00e3o<\/span>\n\t\t\t\t\t<\/span>\n\t\t\t\t\t<\/a>\n\t\t\t\t<\/div>\n\t\t\t\t\t\t\t\t<\/div>\n\t\t\t\t<\/div>\n\t\t\t\t\t<\/div>\n\t\t<\/div>\n\t\t\t\t<div class=\"elementor-column elementor-col-50 elementor-top-column elementor-element elementor-element-c786d02\" data-id=\"c786d02\" data-element_type=\"column\" data-e-type=\"column\">\n\t\t\t<div class=\"elementor-widget-wrap elementor-element-populated\">\n\t\t\t\t\t\t<div class=\"elementor-element elementor-element-42a5a48 elementor-align-center elementor-widget elementor-widget-button\" data-id=\"42a5a48\" data-element_type=\"widget\" data-e-type=\"widget\" data-widget_type=\"button.default\">\n\t\t\t\t<div class=\"elementor-widget-container\">\n\t\t\t\t\t\t\t\t\t<div class=\"elementor-button-wrapper\">\n\t\t\t\t\t<a class=\"elementor-button elementor-button-link elementor-size-sm\" href=\"https:\/\/batuirajacarei.com.br\/wp-content\/uploads\/2025\/08\/CALENDARIO-PBDE.pdf\" target=\"_blank\">\n\t\t\t\t\t\t<span class=\"elementor-button-content-wrapper\">\n\t\t\t\t\t\t<span class=\"elementor-button-icon\">\n\t\t\t\t<i aria-hidden=\"true\" class=\"far fa-list-alt\"><\/i>\t\t\t<\/span>\n\t\t\t\t\t\t\t\t\t<span class=\"elementor-button-text\">Conhe\u00e7a o conte\u00fado do curso<\/span>\n\t\t\t\t\t<\/span>\n\t\t\t\t\t<\/a>\n\t\t\t\t<\/div>\n\t\t\t\t\t\t\t\t<\/div>\n\t\t\t\t<\/div>\n\t\t\t\t\t<\/div>\n\t\t<\/div>\n\t\t\t\t\t<\/div>\n\t\t<\/section>\n\t\t\t\t<section class=\"elementor-section elementor-top-section elementor-element elementor-element-5282e48 elementor-section-boxed elementor-section-height-default elementor-section-height-default\" data-id=\"5282e48\" data-element_type=\"section\" data-e-type=\"section\">\n\t\t\t\t\t\t<div class=\"elementor-container elementor-column-gap-default\">\n\t\t\t\t\t<div class=\"elementor-column elementor-col-100 elementor-top-column elementor-element elementor-element-5e42583\" data-id=\"5e42583\" data-element_type=\"column\" data-e-type=\"column\">\n\t\t\t<div class=\"elementor-widget-wrap elementor-element-populated\">\n\t\t\t\t\t\t<div class=\"elementor-element elementor-element-a6bb56b elementor-widget elementor-widget-heading\" data-id=\"a6bb56b\" data-element_type=\"widget\" data-e-type=\"widget\" data-widget_type=\"heading.default\">\n\t\t\t\t<div class=\"elementor-widget-container\">\n\t\t\t\t\t<h2 class=\"elementor-heading-title elementor-size-medium\">SIGA NOSSAS REDES SOCIAIS:<\/h2>\t\t\t\t<\/div>\n\t\t\t\t<\/div>\n\t\t\t\t\t<\/div>\n\t\t<\/div>\n\t\t\t\t\t<\/div>\n\t\t<\/section>\n\t\t\t\t<section class=\"elementor-section elementor-top-section elementor-element elementor-element-b7db617 elementor-section-boxed elementor-section-height-default elementor-section-height-default\" data-id=\"b7db617\" data-element_type=\"section\" data-e-type=\"section\">\n\t\t\t\t\t\t<div class=\"elementor-container elementor-column-gap-default\">\n\t\t\t\t\t<div class=\"elementor-column elementor-col-100 elementor-top-column elementor-element elementor-element-b201eeb\" data-id=\"b201eeb\" data-element_type=\"column\" data-e-type=\"column\">\n\t\t\t<div class=\"elementor-widget-wrap elementor-element-populated\">\n\t\t\t\t\t\t<div class=\"elementor-element elementor-element-fc59bb0 elementor-shape-rounded elementor-grid-0 e-grid-align-center elementor-widget elementor-widget-social-icons\" data-id=\"fc59bb0\" data-element_type=\"widget\" data-e-type=\"widget\" data-widget_type=\"social-icons.default\">\n\t\t\t\t<div class=\"elementor-widget-container\">\n\t\t\t\t\t\t\t<div class=\"elementor-social-icons-wrapper elementor-grid\" role=\"list\">\n\t\t\t\t\t\t\t<span class=\"elementor-grid-item\" role=\"listitem\">\n\t\t\t\t\t<a class=\"elementor-icon elementor-social-icon elementor-social-icon-facebook elementor-repeater-item-493dfa2\" href=\"https:\/\/facebook.com\/fraternidadeespiritacristabatuirajacarei\" target=\"_blank\">\n\t\t\t\t\t\t<span class=\"elementor-screen-only\">Facebook<\/span>\n\t\t\t\t\t\t<i aria-hidden=\"true\" class=\"fab fa-facebook\"><\/i>\t\t\t\t\t<\/a>\n\t\t\t\t<\/span>\n\t\t\t\t\t\t\t<span class=\"elementor-grid-item\" role=\"listitem\">\n\t\t\t\t\t<a class=\"elementor-icon elementor-social-icon elementor-social-icon-instagram elementor-repeater-item-172709b\" href=\"https:\/\/instagram.com\/fraternidadebatuirajacarei\" target=\"_blank\">\n\t\t\t\t\t\t<span class=\"elementor-screen-only\">Instagram<\/span>\n\t\t\t\t\t\t<i aria-hidden=\"true\" class=\"fab fa-instagram\"><\/i>\t\t\t\t\t<\/a>\n\t\t\t\t<\/span>\n\t\t\t\t\t<\/div>\n\t\t\t\t\t\t<\/div>\n\t\t\t\t<\/div>\n\t\t\t\t\t<\/div>\n\t\t<\/div>\n\t\t\t\t\t<\/div>\n\t\t<\/section>\n\t\t\t\t<section class=\"elementor-section elementor-top-section elementor-element elementor-element-22c8084 elementor-section-boxed elementor-section-height-default elementor-section-height-default\" data-id=\"22c8084\" data-element_type=\"section\" data-e-type=\"section\">\n\t\t\t\t\t\t<div class=\"elementor-container elementor-column-gap-default\">\n\t\t\t\t\t<div class=\"elementor-column elementor-col-100 elementor-top-column elementor-element elementor-element-de772c9\" data-id=\"de772c9\" data-element_type=\"column\" data-e-type=\"column\">\n\t\t\t<div class=\"elementor-widget-wrap\">\n\t\t\t\t\t\t\t<\/div>\n\t\t<\/div>\n\t\t\t\t\t<\/div>\n\t\t<\/section>\n\t\t\t\t<\/div>\n\t\t","protected":false},"excerpt":{"rendered":"<p>O que \u00e9 o PBDE \u2013 Programa B\u00e1sico da Doutrina Esp\u00edrita?O PBDE (Programa B\u00e1sico da Doutrina Esp\u00edrita) \u00e9 um curso introdut\u00f3rio \u00e0 Doutrina Esp\u00edrita, destinado a todos que desejam compreender os princ\u00edpios fundamentais do Espiritismo. Aberto a iniciantes e a quem j\u00e1 possui algum conhecimento da Doutrina Esp\u00edrita, o PBDE \u00e9 um convite ao autoconhecimento, [&hellip;]<\/p>\n","protected":false},"author":5,"featured_media":2048,"parent":0,"menu_order":0,"comment_status":"closed","ping_status":"closed","template":"elementor_header_footer","meta":{"zakra_page_container_layout":"customizer","zakra_page_sidebar_layout":"customizer","zakra_remove_content_margin":false,"zakra_sidebar":"customizer","zakra_transparent_header":"customizer","zakra_logo":0,"zakra_main_header_style":"default","zakra_menu_item_color":"","zakra_menu_item_hover_color":"","zakra_menu_item_active_color":"","zakra_menu_active_style":"","zakra_page_header":true,"footnotes":""},"class_list":["post-2934","page","type-page","status-publish","has-post-thumbnail","hentry"],"_links":{"self":[{"href":"https:\/\/batuirajacarei.com.br\/index.php\/wp-json\/wp\/v2\/pages\/2934","targetHints":{"allow":["GET"]}}],"collection":[{"href":"https:\/\/batuirajacarei.com.br\/index.php\/wp-json\/wp\/v2\/pages"}],"about":[{"href":"https:\/\/batuirajacarei.com.br\/index.php\/wp-json\/wp\/v2\/types\/page"}],"author":[{"embeddable":true,"href":"https:\/\/batuirajacarei.com.br\/index.php\/wp-json\/wp\/v2\/users\/5"}],"replies":[{"embeddable":true,"href":"https:\/\/batuirajacarei.com.br\/index.php\/wp-json\/wp\/v2\/comments?post=2934"}],"version-history":[{"count":19,"href":"https:\/\/batuirajacarei.com.br\/index.php\/wp-json\/wp\/v2\/pages\/2934\/revisions"}],"predecessor-version":[{"id":2959,"href":"https:\/\/batuirajacarei.com.br\/index.php\/wp-json\/wp\/v2\/pages\/2934\/revisions\/2959"}],"wp:featuredmedia":[{"embeddable":true,"href":"https:\/\/batuirajacarei.com.br\/index.php\/wp-json\/wp\/v2\/media\/2048"}],"wp:attachment":[{"href":"https:\/\/batuirajacarei.com.br\/index.php\/wp-json\/wp\/v2\/media?parent=2934"}],"curies":[{"name":"wp","href":"https:\/\/api.w.org\/{rel}","templated":true}]}}